{"id":998463,"date":"2020-08-13T12:58:17","date_gmt":"2020-08-13T09:58:17","guid":{"rendered":"https:\/\/dolores.ee\/product\/anna-lotan-barbados-calmessence-soothing-fluid-gel-50-ml\/"},"modified":"2026-02-18T15:05:51","modified_gmt":"2026-02-18T13:05:51","slug":"anna-lotan-barbados-calmessence-soothing-fluid-gel-50-ml","status":"publish","type":"product","link":"https:\/\/dolores.ee\/lv\/product\/anna-lotan-barbados-calmessence-soothing-fluid-gel-50-ml\/","title":{"rendered":"Anna Lotan Barbados Calmessence Soothing Fluid Gel 50 ml"},"content":{"rendered":"<div class=\"vgblk-rw-wrapper limit-wrapper\">\n<p data-start=\"53\" data-end=\"365\">Z\u012bdaini maigs, nomierino\u0161s sejas g\u0113ls jut\u012bgai, taukainai un kombin\u0113tai \u0101dai. \u0100tri ies\u016bcas, nav lip\u012bgs, ar zeltainu tekst\u016bru, nomierina un atv\u0113sina \u0101du. Bag\u0101tin\u0101ts ar astelpaju un ceri\u0146u ziedu ekstraktiem, dab\u012bgu alvejas sulu, kvie\u0161u prote\u012bniem un antioksidantiem \u2014 A un E vitam\u012bna atvasin\u0101jumiem. Bez parab\u0113niem.<\/p>\n<p data-start=\"367\" data-end=\"850\"><strong>Sast\u0101vs:<\/strong> <em>Water (Aqua), Aloe Barbadensis Leaf Juice, Cyclomethicone, Glycerin, Lonicera Caprifolium Extract, Sodium Polyacrylate, Hydrogenated Polydecene, PPG-5-Laureth-5, Dimethicone Crosspolymer, Isopropyl Myristate, Triticum Vulgare (Wheat) Germ Oil, Tocopheryl Acetate, Retinyl Palmitate, Sodium PCA, Dimethicone, Hippophae Rhamnoides Fruit Oil, Phenethyl Alcohol, Phenoxyethanol, Caprylyl Glycol, Chlorphenesin, Parfum, Disodium EDTA, Butylphenyl Methylpropional, Hexyl Cinnamal.<\/em><\/p>\n<\/div>\n<p><!-- .vgblk-rw-wrapper --><\/p>\n","protected":false},"excerpt":{"rendered":"<p>Calmessence Rahustav geel<\/p>\n","protected":false},"featured_media":282,"comment_status":"open","ping_status":"closed","template":"","meta":[],"product_brand":[],"product_cat":[660,662,716,709,676,718,727],"product_tag":[],"giftcard-category":[],"class_list":{"0":"post-998463","1":"product","2":"type-product","3":"status-publish","4":"has-post-thumbnail","6":"product_cat-anna-lotan-lv","7":"product_cat-barbados-lv","8":"product_cat-mitrinosi-produkti","9":"product_cat-populari-produkti","10":"product_cat-sale-lv","11":"product_cat-sejas-kopsana","12":"product_cat-serumi-ellas","14":"first","15":"instock","16":"taxable","17":"shipping-taxable","18":"purchasable","19":"product-type-simple"},"yoast_head":"<!-- This site is optimized with the Yoast SEO Premium plugin v25.1 (Yoast SEO v25.7) - https:\/\/yoast.com\/wordpress\/plugins\/seo\/ -->\n<title>Anna Lotan Barbados Calmessence Soothing Fluid Gel 50 ml ~ Dolores<\/title>\n<meta name=\"robots\" content=\"index, follow, max-snippet:-1, max-image-preview:large, max-video-preview:-1\" \/>\n<link rel=\"canonical\" href=\"https:\/\/dolores.ee\/lv\/product\/anna-lotan-barbados-calmessence-soothing-fluid-gel-50-ml\/\" \/>\n<meta property=\"og:locale\" content=\"lv_LV\" \/>\n<meta property=\"og:type\" content=\"article\" \/>\n<meta property=\"og:title\" content=\"Anna Lotan Barbados Calmessence Soothing Fluid Gel 50 ml\" \/>\n<meta property=\"og:description\" content=\"Calmessence Rahustav geel\" \/>\n<meta property=\"og:url\" content=\"https:\/\/dolores.ee\/lv\/product\/anna-lotan-barbados-calmessence-soothing-fluid-gel-50-ml\/\" \/>\n<meta property=\"og:site_name\" content=\"Dolores\" \/>\n<meta property=\"article:publisher\" content=\"https:\/\/www.facebook.com\/doloresepood\/\" \/>\n<meta property=\"article:modified_time\" content=\"2026-02-18T13:05:51+00:00\" \/>\n<meta property=\"og:image\" content=\"https:\/\/dolores.ee\/wp-content\/uploads\/2025\/05\/seo.jpg\" \/>\n\t<meta property=\"og:image:width\" content=\"1200\" \/>\n\t<meta property=\"og:image:height\" content=\"675\" \/>\n\t<meta property=\"og:image:type\" content=\"image\/jpeg\" \/>\n<meta name=\"twitter:card\" content=\"summary_large_image\" \/>\n<meta name=\"twitter:label1\" content=\"Est. reading time\" \/>\n\t<meta name=\"twitter:data1\" content=\"1 minute\" \/>\n<script type=\"application\/ld+json\" class=\"yoast-schema-graph\">{\"@context\":\"https:\/\/schema.org\",\"@graph\":[{\"@type\":\"WebPage\",\"@id\":\"https:\/\/dolores.ee\/lv\/product\/anna-lotan-barbados-calmessence-soothing-fluid-gel-50-ml\/\",\"url\":\"https:\/\/dolores.ee\/lv\/product\/anna-lotan-barbados-calmessence-soothing-fluid-gel-50-ml\/\",\"name\":\"Anna Lotan Barbados Calmessence Soothing Fluid Gel 50 ml ~ Dolores\",\"isPartOf\":{\"@id\":\"https:\/\/dolores.ee\/lv\/#website\"},\"primaryImageOfPage\":{\"@id\":\"https:\/\/dolores.ee\/lv\/product\/anna-lotan-barbados-calmessence-soothing-fluid-gel-50-ml\/#primaryimage\"},\"image\":{\"@id\":\"https:\/\/dolores.ee\/lv\/product\/anna-lotan-barbados-calmessence-soothing-fluid-gel-50-ml\/#primaryimage\"},\"thumbnailUrl\":\"https:\/\/dolores.ee\/wp-content\/uploads\/2020\/08\/030b_Calmessence_Soothing_Fluid_Gel_50ml-scaled.jpg\",\"datePublished\":\"2020-08-13T09:58:17+00:00\",\"dateModified\":\"2026-02-18T13:05:51+00:00\",\"breadcrumb\":{\"@id\":\"https:\/\/dolores.ee\/lv\/product\/anna-lotan-barbados-calmessence-soothing-fluid-gel-50-ml\/#breadcrumb\"},\"inLanguage\":\"lv-LV\",\"potentialAction\":[{\"@type\":\"ReadAction\",\"target\":[\"https:\/\/dolores.ee\/lv\/product\/anna-lotan-barbados-calmessence-soothing-fluid-gel-50-ml\/\"]}]},{\"@type\":\"ImageObject\",\"inLanguage\":\"lv-LV\",\"@id\":\"https:\/\/dolores.ee\/lv\/product\/anna-lotan-barbados-calmessence-soothing-fluid-gel-50-ml\/#primaryimage\",\"url\":\"https:\/\/dolores.ee\/wp-content\/uploads\/2020\/08\/030b_Calmessence_Soothing_Fluid_Gel_50ml-scaled.jpg\",\"contentUrl\":\"https:\/\/dolores.ee\/wp-content\/uploads\/2020\/08\/030b_Calmessence_Soothing_Fluid_Gel_50ml-scaled.jpg\",\"width\":756,\"height\":1920},{\"@type\":\"BreadcrumbList\",\"@id\":\"https:\/\/dolores.ee\/lv\/product\/anna-lotan-barbados-calmessence-soothing-fluid-gel-50-ml\/#breadcrumb\",\"itemListElement\":[{\"@type\":\"ListItem\",\"position\":1,\"name\":\"Home\",\"item\":\"https:\/\/dolores.ee\/lv\/\"},{\"@type\":\"ListItem\",\"position\":2,\"name\":\"E-veikals\",\"item\":\"https:\/\/dolores.ee\/lv\/e-veikals\/\"},{\"@type\":\"ListItem\",\"position\":3,\"name\":\"Anna Lotan Barbados Calmessence Soothing Fluid Gel 50 ml\"}]},{\"@type\":\"WebSite\",\"@id\":\"https:\/\/dolores.ee\/lv\/#website\",\"url\":\"https:\/\/dolores.ee\/lv\/\",\"name\":\"Dolores e-pood\",\"description\":\"Beauty Shop\",\"publisher\":{\"@id\":\"https:\/\/dolores.ee\/lv\/#organization\"},\"alternateName\":\"Dolores\",\"potentialAction\":[{\"@type\":\"SearchAction\",\"target\":{\"@type\":\"EntryPoint\",\"urlTemplate\":\"https:\/\/dolores.ee\/lv\/?s={search_term_string}\"},\"query-input\":{\"@type\":\"PropertyValueSpecification\",\"valueRequired\":true,\"valueName\":\"search_term_string\"}}],\"inLanguage\":\"lv-LV\"},{\"@type\":\"Organization\",\"@id\":\"https:\/\/dolores.ee\/lv\/#organization\",\"name\":\"Dolores O\u00dc\",\"alternateName\":\"Dolores e-pood\",\"url\":\"https:\/\/dolores.ee\/lv\/\",\"logo\":{\"@type\":\"ImageObject\",\"inLanguage\":\"lv-LV\",\"@id\":\"https:\/\/dolores.ee\/lv\/#\/schema\/logo\/image\/\",\"url\":\"https:\/\/dolores.ee\/wp-content\/uploads\/2025\/04\/logo-1.jpg\",\"contentUrl\":\"https:\/\/dolores.ee\/wp-content\/uploads\/2025\/04\/logo-1.jpg\",\"width\":1951,\"height\":660,\"caption\":\"Dolores O\u00dc\"},\"image\":{\"@id\":\"https:\/\/dolores.ee\/lv\/#\/schema\/logo\/image\/\"},\"sameAs\":[\"https:\/\/www.facebook.com\/doloresepood\/\"],\"description\":\"Dolores.ee on kaasaegne veebipood, kust leiad tuntud kaubam\u00e4rkide \u2013 GIGI, Anna Lotan, Hikari, Hlavin \u2013 originaalkosmeetikat. Pakume kvaliteetseid hooldustooteid taskukohaste hindadega ja kiire kohaletoimetamisega \u00fcle Eesti. Nahahooldus pole kunagi olnud nii lihtne ja soodne!\",\"email\":\"dolores@dolores.ee\",\"telephone\":\"372 644 2440\",\"legalName\":\"Dolores O\u00dc\",\"foundingDate\":\"1998-02-09\",\"vatID\":\"EE100050280\",\"numberOfEmployees\":{\"@type\":\"QuantitativeValue\",\"minValue\":\"11\",\"maxValue\":\"50\"}}]}<\/script>\n<!-- \/ Yoast SEO Premium plugin. -->","yoast_head_json":{"title":"Anna Lotan Barbados Calmessence Soothing Fluid Gel 50 ml ~ Dolores","robots":{"index":"index","follow":"follow","max-snippet":"max-snippet:-1","max-image-preview":"max-image-preview:large","max-video-preview":"max-video-preview:-1"},"canonical":"https:\/\/dolores.ee\/lv\/product\/anna-lotan-barbados-calmessence-soothing-fluid-gel-50-ml\/","og_locale":"lv_LV","og_type":"article","og_title":"Anna Lotan Barbados Calmessence Soothing Fluid Gel 50 ml","og_description":"Calmessence Rahustav geel","og_url":"https:\/\/dolores.ee\/lv\/product\/anna-lotan-barbados-calmessence-soothing-fluid-gel-50-ml\/","og_site_name":"Dolores","article_publisher":"https:\/\/www.facebook.com\/doloresepood\/","article_modified_time":"2026-02-18T13:05:51+00:00","og_image":[{"width":1200,"height":675,"url":"https:\/\/dolores.ee\/wp-content\/uploads\/2025\/05\/seo.jpg","type":"image\/jpeg"}],"twitter_card":"summary_large_image","twitter_misc":{"Est. reading time":"1 minute"},"schema":{"@context":"https:\/\/schema.org","@graph":[{"@type":"WebPage","@id":"https:\/\/dolores.ee\/lv\/product\/anna-lotan-barbados-calmessence-soothing-fluid-gel-50-ml\/","url":"https:\/\/dolores.ee\/lv\/product\/anna-lotan-barbados-calmessence-soothing-fluid-gel-50-ml\/","name":"Anna Lotan Barbados Calmessence Soothing Fluid Gel 50 ml ~ Dolores","isPartOf":{"@id":"https:\/\/dolores.ee\/lv\/#website"},"primaryImageOfPage":{"@id":"https:\/\/dolores.ee\/lv\/product\/anna-lotan-barbados-calmessence-soothing-fluid-gel-50-ml\/#primaryimage"},"image":{"@id":"https:\/\/dolores.ee\/lv\/product\/anna-lotan-barbados-calmessence-soothing-fluid-gel-50-ml\/#primaryimage"},"thumbnailUrl":"https:\/\/dolores.ee\/wp-content\/uploads\/2020\/08\/030b_Calmessence_Soothing_Fluid_Gel_50ml-scaled.jpg","datePublished":"2020-08-13T09:58:17+00:00","dateModified":"2026-02-18T13:05:51+00:00","breadcrumb":{"@id":"https:\/\/dolores.ee\/lv\/product\/anna-lotan-barbados-calmessence-soothing-fluid-gel-50-ml\/#breadcrumb"},"inLanguage":"lv-LV","potentialAction":[{"@type":"ReadAction","target":["https:\/\/dolores.ee\/lv\/product\/anna-lotan-barbados-calmessence-soothing-fluid-gel-50-ml\/"]}]},{"@type":"ImageObject","inLanguage":"lv-LV","@id":"https:\/\/dolores.ee\/lv\/product\/anna-lotan-barbados-calmessence-soothing-fluid-gel-50-ml\/#primaryimage","url":"https:\/\/dolores.ee\/wp-content\/uploads\/2020\/08\/030b_Calmessence_Soothing_Fluid_Gel_50ml-scaled.jpg","contentUrl":"https:\/\/dolores.ee\/wp-content\/uploads\/2020\/08\/030b_Calmessence_Soothing_Fluid_Gel_50ml-scaled.jpg","width":756,"height":1920},{"@type":"BreadcrumbList","@id":"https:\/\/dolores.ee\/lv\/product\/anna-lotan-barbados-calmessence-soothing-fluid-gel-50-ml\/#breadcrumb","itemListElement":[{"@type":"ListItem","position":1,"name":"Home","item":"https:\/\/dolores.ee\/lv\/"},{"@type":"ListItem","position":2,"name":"E-veikals","item":"https:\/\/dolores.ee\/lv\/e-veikals\/"},{"@type":"ListItem","position":3,"name":"Anna Lotan Barbados Calmessence Soothing Fluid Gel 50 ml"}]},{"@type":"WebSite","@id":"https:\/\/dolores.ee\/lv\/#website","url":"https:\/\/dolores.ee\/lv\/","name":"Dolores e-pood","description":"Beauty Shop","publisher":{"@id":"https:\/\/dolores.ee\/lv\/#organization"},"alternateName":"Dolores","potentialAction":[{"@type":"SearchAction","target":{"@type":"EntryPoint","urlTemplate":"https:\/\/dolores.ee\/lv\/?s={search_term_string}"},"query-input":{"@type":"PropertyValueSpecification","valueRequired":true,"valueName":"search_term_string"}}],"inLanguage":"lv-LV"},{"@type":"Organization","@id":"https:\/\/dolores.ee\/lv\/#organization","name":"Dolores O\u00dc","alternateName":"Dolores e-pood","url":"https:\/\/dolores.ee\/lv\/","logo":{"@type":"ImageObject","inLanguage":"lv-LV","@id":"https:\/\/dolores.ee\/lv\/#\/schema\/logo\/image\/","url":"https:\/\/dolores.ee\/wp-content\/uploads\/2025\/04\/logo-1.jpg","contentUrl":"https:\/\/dolores.ee\/wp-content\/uploads\/2025\/04\/logo-1.jpg","width":1951,"height":660,"caption":"Dolores O\u00dc"},"image":{"@id":"https:\/\/dolores.ee\/lv\/#\/schema\/logo\/image\/"},"sameAs":["https:\/\/www.facebook.com\/doloresepood\/"],"description":"Dolores.ee on kaasaegne veebipood, kust leiad tuntud kaubam\u00e4rkide \u2013 GIGI, Anna Lotan, Hikari, Hlavin \u2013 originaalkosmeetikat. Pakume kvaliteetseid hooldustooteid taskukohaste hindadega ja kiire kohaletoimetamisega \u00fcle Eesti. Nahahooldus pole kunagi olnud nii lihtne ja soodne!","email":"dolores@dolores.ee","telephone":"372 644 2440","legalName":"Dolores O\u00dc","foundingDate":"1998-02-09","vatID":"EE100050280","numberOfEmployees":{"@type":"QuantitativeValue","minValue":"11","maxValue":"50"}}]}},"_links":{"self":[{"href":"https:\/\/dolores.ee\/lv\/wp-json\/wp\/v2\/product\/998463","targetHints":{"allow":["GET"]}}],"collection":[{"href":"https:\/\/dolores.ee\/lv\/wp-json\/wp\/v2\/product"}],"about":[{"href":"https:\/\/dolores.ee\/lv\/wp-json\/wp\/v2\/types\/product"}],"replies":[{"embeddable":true,"href":"https:\/\/dolores.ee\/lv\/wp-json\/wp\/v2\/comments?post=998463"}],"version-history":[{"count":0,"href":"https:\/\/dolores.ee\/lv\/wp-json\/wp\/v2\/product\/998463\/revisions"}],"wp:featuredmedia":[{"embeddable":true,"href":"https:\/\/dolores.ee\/lv\/wp-json\/wp\/v2\/media\/282"}],"wp:attachment":[{"href":"https:\/\/dolores.ee\/lv\/wp-json\/wp\/v2\/media?parent=998463"}],"wp:term":[{"taxonomy":"product_brand","embeddable":true,"href":"https:\/\/dolores.ee\/lv\/wp-json\/wp\/v2\/product_brand?post=998463"},{"taxonomy":"product_cat","embeddable":true,"href":"https:\/\/dolores.ee\/lv\/wp-json\/wp\/v2\/product_cat?post=998463"},{"taxonomy":"product_tag","embeddable":true,"href":"https:\/\/dolores.ee\/lv\/wp-json\/wp\/v2\/product_tag?post=998463"},{"taxonomy":"giftcard-category","embeddable":true,"href":"https:\/\/dolores.ee\/lv\/wp-json\/wp\/v2\/giftcard-category?post=998463"}],"curies":[{"name":"wp","href":"https:\/\/api.w.org\/{rel}","templated":true}]}}