{"id":998475,"date":"2020-08-13T12:57:46","date_gmt":"2020-08-13T09:57:46","guid":{"rendered":"https:\/\/dolores.ee\/product\/anna-lotan-liquid-gold-dienas-tonejoss-krems-ar-saules-aizsardzibas-faktoru-spf30-100-ml\/"},"modified":"2025-07-01T11:06:04","modified_gmt":"2025-07-01T08:06:04","slug":"anna-lotan-liquid-gold-dienas-tonejoss-krems-ar-saules-aizsardzibas-faktoru-spf30-100-ml","status":"publish","type":"product","link":"https:\/\/dolores.ee\/lv\/product\/anna-lotan-liquid-gold-dienas-tonejoss-krems-ar-saules-aizsardzibas-faktoru-spf30-100-ml\/","title":{"rendered":"Anna Lotan Liquid Gold Dienas ton\u0113jo\u0161s kr\u0113ms ar saules aizsardz\u012bbas faktoru SPF30, 100 ml"},"content":{"rendered":"<div class=\"vgblk-rw-wrapper limit-wrapper\">\n<p data-start=\"46\" data-end=\"395\">Mat\u0113jo\u0161s dienas kr\u0113ms, kas efekt\u012bvi aizsarg\u0101 no saules kait\u012bg\u0101s ietekmes, piem\u0113rots visiem \u0101das tipiem. Akt\u012bvi mitrina, aizsarg\u0101 no br\u012bvo radik\u0101\u013cu un UVA\/UVB kait\u012bg\u0101 starojuma. Vieglas ton\u0113jo\u0161as tekst\u016bras kr\u0113ms, kas atst\u0101j skaistu, vienm\u0113r\u012bgu \u0101das toni.<\/p>\n<p data-start=\"397\" data-end=\"936\"><strong data-start=\"397\" data-end=\"409\">Sast\u0101vs:<\/strong><br data-start=\"409\" data-end=\"412\" \/><em>Aqua (Water), Ethylhexyl Methoxycinnamate, Titanium Dioxide, C12-15 Alkyl Benzoate, Camellia Sinensis Leaf Extract, Glycerin, Cetearyl Alcohol \/ Cetearyl Glucoside, Ethylhexyl Stearate, Benzophenone-3, Simmondsia Chinensis (Jojoba) Seed Oil, Lonicera Caprifolium Extract, Galactoarabinan, Hippophae Rhamnoides Fruit Extract, Glyceryl Stearate, Gluconolactone \/ Sodium Benzoate, Iron Oxides, Tocopheryl Acetate, Sodium Hyaluronate, Xanthan Gum, Sodium Stearoyl Glutamate, Dimethicone, Sodium Polyacrylate, Parfum (Fragrance).<\/em><\/p>\n<\/div>\n<p><!-- .vgblk-rw-wrapper --><\/p>\n","protected":false},"excerpt":{"rendered":"<p>Anna Lotan Liquid Gold Dienas ton\u0113jo\u0161s kr\u0113ms ar saules aizsardz\u012bbas faktoru SPF30, 100 ml<\/p>\n","protected":false},"featured_media":146,"comment_status":"open","ping_status":"closed","template":"","meta":[],"product_brand":[],"product_cat":[660,725,669,716,783,676,704,718],"product_tag":[],"giftcard-category":[],"class_list":{"0":"post-998475","1":"product","2":"type-product","3":"status-publish","4":"has-post-thumbnail","6":"product_cat-anna-lotan-lv","7":"product_cat-dienas-krems","8":"product_cat-liquid-gold-lv","9":"product_cat-mitrinosi-produkti","10":"product_cat-pavasara-adas-kopsana","11":"product_cat-sale-lv","12":"product_cat-saules-aizsardziba","13":"product_cat-sejas-kopsana","15":"first","16":"instock","17":"taxable","18":"shipping-taxable","19":"purchasable","20":"product-type-simple"},"yoast_head":"<!-- This site is optimized with the Yoast SEO Premium plugin v25.1 (Yoast SEO v25.7) - https:\/\/yoast.com\/wordpress\/plugins\/seo\/ -->\n<title>Anna Lotan Liquid Gold Dienas ton\u0113jo\u0161s kr\u0113ms ar saules aizsardz\u012bbas faktoru SPF30, 100 ml ~ Dolores<\/title>\n<meta name=\"robots\" content=\"index, follow, max-snippet:-1, max-image-preview:large, max-video-preview:-1\" \/>\n<link rel=\"canonical\" href=\"https:\/\/dolores.ee\/lv\/product\/anna-lotan-liquid-gold-dienas-tonejoss-krems-ar-saules-aizsardzibas-faktoru-spf30-100-ml\/\" \/>\n<meta property=\"og:locale\" content=\"lv_LV\" \/>\n<meta property=\"og:type\" content=\"article\" \/>\n<meta property=\"og:title\" content=\"Anna Lotan Liquid Gold Dienas ton\u0113jo\u0161s kr\u0113ms ar saules aizsardz\u012bbas faktoru SPF30, 100 ml\" \/>\n<meta property=\"og:description\" content=\"Anna Lotan Liquid Gold Dienas ton\u0113jo\u0161s kr\u0113ms ar saules aizsardz\u012bbas faktoru SPF30, 100 ml\" \/>\n<meta property=\"og:url\" content=\"https:\/\/dolores.ee\/lv\/product\/anna-lotan-liquid-gold-dienas-tonejoss-krems-ar-saules-aizsardzibas-faktoru-spf30-100-ml\/\" \/>\n<meta property=\"og:site_name\" content=\"Dolores\" \/>\n<meta property=\"article:publisher\" content=\"https:\/\/www.facebook.com\/doloresepood\/\" \/>\n<meta property=\"article:modified_time\" content=\"2025-07-01T08:06:04+00:00\" \/>\n<meta property=\"og:image\" content=\"https:\/\/dolores.ee\/wp-content\/uploads\/2025\/05\/seo.jpg\" \/>\n\t<meta property=\"og:image:width\" content=\"1200\" \/>\n\t<meta property=\"og:image:height\" content=\"675\" \/>\n\t<meta property=\"og:image:type\" content=\"image\/jpeg\" \/>\n<meta name=\"twitter:card\" content=\"summary_large_image\" \/>\n<meta name=\"twitter:label1\" content=\"Est. reading time\" \/>\n\t<meta name=\"twitter:data1\" content=\"1 minute\" \/>\n<script type=\"application\/ld+json\" class=\"yoast-schema-graph\">{\"@context\":\"https:\/\/schema.org\",\"@graph\":[{\"@type\":\"WebPage\",\"@id\":\"https:\/\/dolores.ee\/lv\/product\/anna-lotan-liquid-gold-dienas-tonejoss-krems-ar-saules-aizsardzibas-faktoru-spf30-100-ml\/\",\"url\":\"https:\/\/dolores.ee\/lv\/product\/anna-lotan-liquid-gold-dienas-tonejoss-krems-ar-saules-aizsardzibas-faktoru-spf30-100-ml\/\",\"name\":\"Anna Lotan Liquid Gold Dienas ton\u0113jo\u0161s kr\u0113ms ar saules aizsardz\u012bbas faktoru SPF30, 100 ml ~ Dolores\",\"isPartOf\":{\"@id\":\"https:\/\/dolores.ee\/lv\/#website\"},\"primaryImageOfPage\":{\"@id\":\"https:\/\/dolores.ee\/lv\/product\/anna-lotan-liquid-gold-dienas-tonejoss-krems-ar-saules-aizsardzibas-faktoru-spf30-100-ml\/#primaryimage\"},\"image\":{\"@id\":\"https:\/\/dolores.ee\/lv\/product\/anna-lotan-liquid-gold-dienas-tonejoss-krems-ar-saules-aizsardzibas-faktoru-spf30-100-ml\/#primaryimage\"},\"thumbnailUrl\":\"https:\/\/dolores.ee\/wp-content\/uploads\/2020\/08\/152a_Triple_Benefit_Tinted_Moisturizing_Day_Cream_SPF30_100ml-scaled.jpg\",\"datePublished\":\"2020-08-13T09:57:46+00:00\",\"dateModified\":\"2025-07-01T08:06:04+00:00\",\"breadcrumb\":{\"@id\":\"https:\/\/dolores.ee\/lv\/product\/anna-lotan-liquid-gold-dienas-tonejoss-krems-ar-saules-aizsardzibas-faktoru-spf30-100-ml\/#breadcrumb\"},\"inLanguage\":\"lv-LV\",\"potentialAction\":[{\"@type\":\"ReadAction\",\"target\":[\"https:\/\/dolores.ee\/lv\/product\/anna-lotan-liquid-gold-dienas-tonejoss-krems-ar-saules-aizsardzibas-faktoru-spf30-100-ml\/\"]}]},{\"@type\":\"ImageObject\",\"inLanguage\":\"lv-LV\",\"@id\":\"https:\/\/dolores.ee\/lv\/product\/anna-lotan-liquid-gold-dienas-tonejoss-krems-ar-saules-aizsardzibas-faktoru-spf30-100-ml\/#primaryimage\",\"url\":\"https:\/\/dolores.ee\/wp-content\/uploads\/2020\/08\/152a_Triple_Benefit_Tinted_Moisturizing_Day_Cream_SPF30_100ml-scaled.jpg\",\"contentUrl\":\"https:\/\/dolores.ee\/wp-content\/uploads\/2020\/08\/152a_Triple_Benefit_Tinted_Moisturizing_Day_Cream_SPF30_100ml-scaled.jpg\",\"width\":742,\"height\":1920},{\"@type\":\"BreadcrumbList\",\"@id\":\"https:\/\/dolores.ee\/lv\/product\/anna-lotan-liquid-gold-dienas-tonejoss-krems-ar-saules-aizsardzibas-faktoru-spf30-100-ml\/#breadcrumb\",\"itemListElement\":[{\"@type\":\"ListItem\",\"position\":1,\"name\":\"Home\",\"item\":\"https:\/\/dolores.ee\/lv\/\"},{\"@type\":\"ListItem\",\"position\":2,\"name\":\"E-veikals\",\"item\":\"https:\/\/dolores.ee\/lv\/e-veikals\/\"},{\"@type\":\"ListItem\",\"position\":3,\"name\":\"Anna Lotan Liquid Gold Dienas ton\u0113jo\u0161s kr\u0113ms ar saules aizsardz\u012bbas faktoru SPF30, 100 ml\"}]},{\"@type\":\"WebSite\",\"@id\":\"https:\/\/dolores.ee\/lv\/#website\",\"url\":\"https:\/\/dolores.ee\/lv\/\",\"name\":\"Dolores e-pood\",\"description\":\"Beauty Shop\",\"publisher\":{\"@id\":\"https:\/\/dolores.ee\/lv\/#organization\"},\"alternateName\":\"Dolores\",\"potentialAction\":[{\"@type\":\"SearchAction\",\"target\":{\"@type\":\"EntryPoint\",\"urlTemplate\":\"https:\/\/dolores.ee\/lv\/?s={search_term_string}\"},\"query-input\":{\"@type\":\"PropertyValueSpecification\",\"valueRequired\":true,\"valueName\":\"search_term_string\"}}],\"inLanguage\":\"lv-LV\"},{\"@type\":\"Organization\",\"@id\":\"https:\/\/dolores.ee\/lv\/#organization\",\"name\":\"Dolores O\u00dc\",\"alternateName\":\"Dolores e-pood\",\"url\":\"https:\/\/dolores.ee\/lv\/\",\"logo\":{\"@type\":\"ImageObject\",\"inLanguage\":\"lv-LV\",\"@id\":\"https:\/\/dolores.ee\/lv\/#\/schema\/logo\/image\/\",\"url\":\"https:\/\/dolores.ee\/wp-content\/uploads\/2025\/04\/logo-1.jpg\",\"contentUrl\":\"https:\/\/dolores.ee\/wp-content\/uploads\/2025\/04\/logo-1.jpg\",\"width\":1951,\"height\":660,\"caption\":\"Dolores O\u00dc\"},\"image\":{\"@id\":\"https:\/\/dolores.ee\/lv\/#\/schema\/logo\/image\/\"},\"sameAs\":[\"https:\/\/www.facebook.com\/doloresepood\/\"],\"description\":\"Dolores.ee on kaasaegne veebipood, kust leiad tuntud kaubam\u00e4rkide \u2013 GIGI, Anna Lotan, Hikari, Hlavin \u2013 originaalkosmeetikat. Pakume kvaliteetseid hooldustooteid taskukohaste hindadega ja kiire kohaletoimetamisega \u00fcle Eesti. Nahahooldus pole kunagi olnud nii lihtne ja soodne!\",\"email\":\"dolores@dolores.ee\",\"telephone\":\"372 644 2440\",\"legalName\":\"Dolores O\u00dc\",\"foundingDate\":\"1998-02-09\",\"vatID\":\"EE100050280\",\"numberOfEmployees\":{\"@type\":\"QuantitativeValue\",\"minValue\":\"11\",\"maxValue\":\"50\"}}]}<\/script>\n<!-- \/ Yoast SEO Premium plugin. -->","yoast_head_json":{"title":"Anna Lotan Liquid Gold Dienas ton\u0113jo\u0161s kr\u0113ms ar saules aizsardz\u012bbas faktoru SPF30, 100 ml ~ Dolores","robots":{"index":"index","follow":"follow","max-snippet":"max-snippet:-1","max-image-preview":"max-image-preview:large","max-video-preview":"max-video-preview:-1"},"canonical":"https:\/\/dolores.ee\/lv\/product\/anna-lotan-liquid-gold-dienas-tonejoss-krems-ar-saules-aizsardzibas-faktoru-spf30-100-ml\/","og_locale":"lv_LV","og_type":"article","og_title":"Anna Lotan Liquid Gold Dienas ton\u0113jo\u0161s kr\u0113ms ar saules aizsardz\u012bbas faktoru SPF30, 100 ml","og_description":"Anna Lotan Liquid Gold Dienas ton\u0113jo\u0161s kr\u0113ms ar saules aizsardz\u012bbas faktoru SPF30, 100 ml","og_url":"https:\/\/dolores.ee\/lv\/product\/anna-lotan-liquid-gold-dienas-tonejoss-krems-ar-saules-aizsardzibas-faktoru-spf30-100-ml\/","og_site_name":"Dolores","article_publisher":"https:\/\/www.facebook.com\/doloresepood\/","article_modified_time":"2025-07-01T08:06:04+00:00","og_image":[{"width":1200,"height":675,"url":"https:\/\/dolores.ee\/wp-content\/uploads\/2025\/05\/seo.jpg","type":"image\/jpeg"}],"twitter_card":"summary_large_image","twitter_misc":{"Est. reading time":"1 minute"},"schema":{"@context":"https:\/\/schema.org","@graph":[{"@type":"WebPage","@id":"https:\/\/dolores.ee\/lv\/product\/anna-lotan-liquid-gold-dienas-tonejoss-krems-ar-saules-aizsardzibas-faktoru-spf30-100-ml\/","url":"https:\/\/dolores.ee\/lv\/product\/anna-lotan-liquid-gold-dienas-tonejoss-krems-ar-saules-aizsardzibas-faktoru-spf30-100-ml\/","name":"Anna Lotan Liquid Gold Dienas ton\u0113jo\u0161s kr\u0113ms ar saules aizsardz\u012bbas faktoru SPF30, 100 ml ~ Dolores","isPartOf":{"@id":"https:\/\/dolores.ee\/lv\/#website"},"primaryImageOfPage":{"@id":"https:\/\/dolores.ee\/lv\/product\/anna-lotan-liquid-gold-dienas-tonejoss-krems-ar-saules-aizsardzibas-faktoru-spf30-100-ml\/#primaryimage"},"image":{"@id":"https:\/\/dolores.ee\/lv\/product\/anna-lotan-liquid-gold-dienas-tonejoss-krems-ar-saules-aizsardzibas-faktoru-spf30-100-ml\/#primaryimage"},"thumbnailUrl":"https:\/\/dolores.ee\/wp-content\/uploads\/2020\/08\/152a_Triple_Benefit_Tinted_Moisturizing_Day_Cream_SPF30_100ml-scaled.jpg","datePublished":"2020-08-13T09:57:46+00:00","dateModified":"2025-07-01T08:06:04+00:00","breadcrumb":{"@id":"https:\/\/dolores.ee\/lv\/product\/anna-lotan-liquid-gold-dienas-tonejoss-krems-ar-saules-aizsardzibas-faktoru-spf30-100-ml\/#breadcrumb"},"inLanguage":"lv-LV","potentialAction":[{"@type":"ReadAction","target":["https:\/\/dolores.ee\/lv\/product\/anna-lotan-liquid-gold-dienas-tonejoss-krems-ar-saules-aizsardzibas-faktoru-spf30-100-ml\/"]}]},{"@type":"ImageObject","inLanguage":"lv-LV","@id":"https:\/\/dolores.ee\/lv\/product\/anna-lotan-liquid-gold-dienas-tonejoss-krems-ar-saules-aizsardzibas-faktoru-spf30-100-ml\/#primaryimage","url":"https:\/\/dolores.ee\/wp-content\/uploads\/2020\/08\/152a_Triple_Benefit_Tinted_Moisturizing_Day_Cream_SPF30_100ml-scaled.jpg","contentUrl":"https:\/\/dolores.ee\/wp-content\/uploads\/2020\/08\/152a_Triple_Benefit_Tinted_Moisturizing_Day_Cream_SPF30_100ml-scaled.jpg","width":742,"height":1920},{"@type":"BreadcrumbList","@id":"https:\/\/dolores.ee\/lv\/product\/anna-lotan-liquid-gold-dienas-tonejoss-krems-ar-saules-aizsardzibas-faktoru-spf30-100-ml\/#breadcrumb","itemListElement":[{"@type":"ListItem","position":1,"name":"Home","item":"https:\/\/dolores.ee\/lv\/"},{"@type":"ListItem","position":2,"name":"E-veikals","item":"https:\/\/dolores.ee\/lv\/e-veikals\/"},{"@type":"ListItem","position":3,"name":"Anna Lotan Liquid Gold Dienas ton\u0113jo\u0161s kr\u0113ms ar saules aizsardz\u012bbas faktoru SPF30, 100 ml"}]},{"@type":"WebSite","@id":"https:\/\/dolores.ee\/lv\/#website","url":"https:\/\/dolores.ee\/lv\/","name":"Dolores e-pood","description":"Beauty Shop","publisher":{"@id":"https:\/\/dolores.ee\/lv\/#organization"},"alternateName":"Dolores","potentialAction":[{"@type":"SearchAction","target":{"@type":"EntryPoint","urlTemplate":"https:\/\/dolores.ee\/lv\/?s={search_term_string}"},"query-input":{"@type":"PropertyValueSpecification","valueRequired":true,"valueName":"search_term_string"}}],"inLanguage":"lv-LV"},{"@type":"Organization","@id":"https:\/\/dolores.ee\/lv\/#organization","name":"Dolores O\u00dc","alternateName":"Dolores e-pood","url":"https:\/\/dolores.ee\/lv\/","logo":{"@type":"ImageObject","inLanguage":"lv-LV","@id":"https:\/\/dolores.ee\/lv\/#\/schema\/logo\/image\/","url":"https:\/\/dolores.ee\/wp-content\/uploads\/2025\/04\/logo-1.jpg","contentUrl":"https:\/\/dolores.ee\/wp-content\/uploads\/2025\/04\/logo-1.jpg","width":1951,"height":660,"caption":"Dolores O\u00dc"},"image":{"@id":"https:\/\/dolores.ee\/lv\/#\/schema\/logo\/image\/"},"sameAs":["https:\/\/www.facebook.com\/doloresepood\/"],"description":"Dolores.ee on kaasaegne veebipood, kust leiad tuntud kaubam\u00e4rkide \u2013 GIGI, Anna Lotan, Hikari, Hlavin \u2013 originaalkosmeetikat. Pakume kvaliteetseid hooldustooteid taskukohaste hindadega ja kiire kohaletoimetamisega \u00fcle Eesti. Nahahooldus pole kunagi olnud nii lihtne ja soodne!","email":"dolores@dolores.ee","telephone":"372 644 2440","legalName":"Dolores O\u00dc","foundingDate":"1998-02-09","vatID":"EE100050280","numberOfEmployees":{"@type":"QuantitativeValue","minValue":"11","maxValue":"50"}}]}},"_links":{"self":[{"href":"https:\/\/dolores.ee\/lv\/wp-json\/wp\/v2\/product\/998475","targetHints":{"allow":["GET"]}}],"collection":[{"href":"https:\/\/dolores.ee\/lv\/wp-json\/wp\/v2\/product"}],"about":[{"href":"https:\/\/dolores.ee\/lv\/wp-json\/wp\/v2\/types\/product"}],"replies":[{"embeddable":true,"href":"https:\/\/dolores.ee\/lv\/wp-json\/wp\/v2\/comments?post=998475"}],"version-history":[{"count":0,"href":"https:\/\/dolores.ee\/lv\/wp-json\/wp\/v2\/product\/998475\/revisions"}],"wp:featuredmedia":[{"embeddable":true,"href":"https:\/\/dolores.ee\/lv\/wp-json\/wp\/v2\/media\/146"}],"wp:attachment":[{"href":"https:\/\/dolores.ee\/lv\/wp-json\/wp\/v2\/media?parent=998475"}],"wp:term":[{"taxonomy":"product_brand","embeddable":true,"href":"https:\/\/dolores.ee\/lv\/wp-json\/wp\/v2\/product_brand?post=998475"},{"taxonomy":"product_cat","embeddable":true,"href":"https:\/\/dolores.ee\/lv\/wp-json\/wp\/v2\/product_cat?post=998475"},{"taxonomy":"product_tag","embeddable":true,"href":"https:\/\/dolores.ee\/lv\/wp-json\/wp\/v2\/product_tag?post=998475"},{"taxonomy":"giftcard-category","embeddable":true,"href":"https:\/\/dolores.ee\/lv\/wp-json\/wp\/v2\/giftcard-category?post=998475"}],"curies":[{"name":"wp","href":"https:\/\/api.w.org\/{rel}","templated":true}]}}