{"id":998479,"date":"2020-08-13T12:57:44","date_gmt":"2020-08-13T09:57:44","guid":{"rendered":"https:\/\/dolores.ee\/product\/anna-lotan-liquid-gold-golden-silk-serums-50-ml\/"},"modified":"2026-04-01T12:11:46","modified_gmt":"2026-04-01T09:11:46","slug":"anna-lotan-liquid-gold-golden-silk-serums-50-ml","status":"publish","type":"product","link":"https:\/\/dolores.ee\/lv\/product\/anna-lotan-liquid-gold-golden-silk-serums-50-ml\/","title":{"rendered":"Anna Lotan Liquid Gold Golden Silk Serums 50 ml"},"content":{"rendered":"<div class=\"vgblk-rw-wrapper limit-wrapper\">\n<p data-start=\"59\" data-end=\"174\">Bag\u0101t\u012bgs serums ar e\u013c\u013c\u0101m un mitrin\u0101t\u0101jiem visiem \u0101das tipiem.<\/p>\n<p data-start=\"176\" data-end=\"578\">Luksusa, z\u012bdaini maigs emulsijas serums, kas m\u012bkstina \u0101du. Augstas kvalit\u0101tes mitrin\u0101t\u0101ju komplekss pal\u012bdz atjaunot \u0101das mitruma l\u012bmeni. Uzreiz izl\u012bdzina \u0101du, pie\u0161\u0137irot tai elegantu mirdzumu. Satur nomierino\u0161as sast\u0101vda\u013cas (kuzlapu ekstrakts, bisabolols un alvejas sula), bag\u0101t\u012bgus m\u012bkstin\u0101t\u0101jus (astelpaju, \u0161\u012b sviestu, ol\u012bve\u013c\u013cu un jojobas e\u013c\u013cu) un intens\u012bvus mitrin\u0101t\u0101jus (hialuronsk\u0101bi, pentavit\u012bnu).<\/p>\n<p data-start=\"580\" data-end=\"686\"><strong data-start=\"580\" data-end=\"594\">Lieto\u0161ana:<\/strong><br data-start=\"594\" data-end=\"597\" \/>Lietot zem dienas vai nakts kr\u0113ma. Ide\u0101la grima b\u0101ze, kas padara \u0101du gludu un vienm\u0113r\u012bgu.<\/p>\n<p data-start=\"688\" data-end=\"1602\"><strong data-start=\"688\" data-end=\"700\">Sast\u0101vs:<\/strong><br data-start=\"700\" data-end=\"703\" \/><em>Aqua (\u016bdens), Cyclopentasiloxane, Glycerin, Aloe Barbadensis Leaf Juice (alvejas sulas ekstrakts), Dimethicone, Trisiloxane, Ceteth-10, Butyrospermum Parkii (\u0161\u012b sviests), Dimethiconol, Squalane, Simmondsia Chinensis (jojoba e\u013c\u013ca), Phenoxyethanol, Hippophae Rhamnoides (astelpaju aug\u013cu e\u013c\u013ca), Panthenol, Saccharide Isomerate, Acrylates\/C10-30 Alkyl Acrylate Crosspolymer, Triethanolamine, Laureth-4, Cetearyl Isononanoate, Allantoin, Isopropyl Myristate, Bisabolol, Glycine Soja Oil (sojas e\u013c\u013ca), Lonicera Caprifolium (kuzlapu) ziedu ekstrakts, Silk Amino Acids (z\u012bda aminosk\u0101bes), Ethylhexylglycerin, Ethylhexyl Methoxycinnamate, Sodium Hyaluronate (n\u0101trija hialuron\u0101ts), Tocopherol (E vitam\u012bns), Disodium EDTA, Beta-Sitosterol, Carthamus Tinctorius (saulespu\u0137u e\u013c\u013ca), Linoleic Acid (linolsk\u0101be), Squalene, Tocopheryl Acetate, Retinyl Palmitate (A vitam\u012bna atvasin\u0101jums), Parfum (smar\u017eas), Limonene.<\/em><\/p>\n<\/div>\n<p><!-- .vgblk-rw-wrapper --><\/p>\n","protected":false},"excerpt":{"rendered":"<p>Sarjas Liquid Gold sejas serums \u201eKuldnais siids\u201c<\/p>\n","protected":false},"featured_media":1001879,"comment_status":"open","ping_status":"closed","template":"","meta":[],"product_brand":[],"product_cat":[660,774,669,716,783,676,727],"product_tag":[],"giftcard-category":[],"class_list":{"0":"post-998479","1":"product","2":"type-product","3":"status-publish","4":"has-post-thumbnail","6":"product_cat-anna-lotan-lv","7":"product_cat-bf2025-lv","8":"product_cat-liquid-gold-lv","9":"product_cat-mitrinosi-produkti","10":"product_cat-pavasara-adas-kopsana","11":"product_cat-sale-lv","12":"product_cat-serumi-ellas","14":"first","15":"instock","16":"taxable","17":"shipping-taxable","18":"purchasable","19":"product-type-simple"},"yoast_head":"<!-- This site is optimized with the Yoast SEO Premium plugin v25.1 (Yoast SEO v25.7) - https:\/\/yoast.com\/wordpress\/plugins\/seo\/ -->\n<title>Anna Lotan Liquid Gold Golden Silk Serums 50 ml ~ Dolores<\/title>\n<meta name=\"robots\" content=\"index, follow, max-snippet:-1, max-image-preview:large, max-video-preview:-1\" \/>\n<link rel=\"canonical\" href=\"https:\/\/dolores.ee\/lv\/product\/anna-lotan-liquid-gold-golden-silk-serums-50-ml\/\" \/>\n<meta property=\"og:locale\" content=\"lv_LV\" \/>\n<meta property=\"og:type\" content=\"article\" \/>\n<meta property=\"og:title\" content=\"Anna Lotan Liquid Gold Golden Silk Serums 50 ml\" \/>\n<meta property=\"og:description\" content=\"Sarjas Liquid Gold sejas serums \u201eKuldnais siids\u201c\" \/>\n<meta property=\"og:url\" content=\"https:\/\/dolores.ee\/lv\/product\/anna-lotan-liquid-gold-golden-silk-serums-50-ml\/\" \/>\n<meta property=\"og:site_name\" content=\"Dolores\" \/>\n<meta property=\"article:publisher\" content=\"https:\/\/www.facebook.com\/doloresepood\/\" \/>\n<meta property=\"article:modified_time\" content=\"2026-04-01T09:11:46+00:00\" \/>\n<meta property=\"og:image\" content=\"https:\/\/dolores.ee\/wp-content\/uploads\/2025\/05\/seo.jpg\" \/>\n\t<meta property=\"og:image:width\" content=\"1200\" \/>\n\t<meta property=\"og:image:height\" content=\"675\" \/>\n\t<meta property=\"og:image:type\" content=\"image\/jpeg\" \/>\n<meta name=\"twitter:card\" content=\"summary_large_image\" \/>\n<meta name=\"twitter:label1\" content=\"Est. reading time\" \/>\n\t<meta name=\"twitter:data1\" content=\"1 minute\" \/>\n<script type=\"application\/ld+json\" class=\"yoast-schema-graph\">{\"@context\":\"https:\/\/schema.org\",\"@graph\":[{\"@type\":\"WebPage\",\"@id\":\"https:\/\/dolores.ee\/lv\/product\/anna-lotan-liquid-gold-golden-silk-serums-50-ml\/\",\"url\":\"https:\/\/dolores.ee\/lv\/product\/anna-lotan-liquid-gold-golden-silk-serums-50-ml\/\",\"name\":\"Anna Lotan Liquid Gold Golden Silk Serums 50 ml ~ Dolores\",\"isPartOf\":{\"@id\":\"https:\/\/dolores.ee\/lv\/#website\"},\"primaryImageOfPage\":{\"@id\":\"https:\/\/dolores.ee\/lv\/product\/anna-lotan-liquid-gold-golden-silk-serums-50-ml\/#primaryimage\"},\"image\":{\"@id\":\"https:\/\/dolores.ee\/lv\/product\/anna-lotan-liquid-gold-golden-silk-serums-50-ml\/#primaryimage\"},\"thumbnailUrl\":\"https:\/\/dolores.ee\/wp-content\/uploads\/2020\/08\/768-1-scaled.jpg\",\"datePublished\":\"2020-08-13T09:57:44+00:00\",\"dateModified\":\"2026-04-01T09:11:46+00:00\",\"breadcrumb\":{\"@id\":\"https:\/\/dolores.ee\/lv\/product\/anna-lotan-liquid-gold-golden-silk-serums-50-ml\/#breadcrumb\"},\"inLanguage\":\"lv-LV\",\"potentialAction\":[{\"@type\":\"ReadAction\",\"target\":[\"https:\/\/dolores.ee\/lv\/product\/anna-lotan-liquid-gold-golden-silk-serums-50-ml\/\"]}]},{\"@type\":\"ImageObject\",\"inLanguage\":\"lv-LV\",\"@id\":\"https:\/\/dolores.ee\/lv\/product\/anna-lotan-liquid-gold-golden-silk-serums-50-ml\/#primaryimage\",\"url\":\"https:\/\/dolores.ee\/wp-content\/uploads\/2020\/08\/768-1-scaled.jpg\",\"contentUrl\":\"https:\/\/dolores.ee\/wp-content\/uploads\/2020\/08\/768-1-scaled.jpg\",\"width\":2560,\"height\":2560},{\"@type\":\"BreadcrumbList\",\"@id\":\"https:\/\/dolores.ee\/lv\/product\/anna-lotan-liquid-gold-golden-silk-serums-50-ml\/#breadcrumb\",\"itemListElement\":[{\"@type\":\"ListItem\",\"position\":1,\"name\":\"Home\",\"item\":\"https:\/\/dolores.ee\/lv\/\"},{\"@type\":\"ListItem\",\"position\":2,\"name\":\"E-veikals\",\"item\":\"https:\/\/dolores.ee\/lv\/e-veikals\/\"},{\"@type\":\"ListItem\",\"position\":3,\"name\":\"Anna Lotan Liquid Gold Golden Silk Serums 50 ml\"}]},{\"@type\":\"WebSite\",\"@id\":\"https:\/\/dolores.ee\/lv\/#website\",\"url\":\"https:\/\/dolores.ee\/lv\/\",\"name\":\"Dolores e-pood\",\"description\":\"Beauty Shop\",\"publisher\":{\"@id\":\"https:\/\/dolores.ee\/lv\/#organization\"},\"alternateName\":\"Dolores\",\"potentialAction\":[{\"@type\":\"SearchAction\",\"target\":{\"@type\":\"EntryPoint\",\"urlTemplate\":\"https:\/\/dolores.ee\/lv\/?s={search_term_string}\"},\"query-input\":{\"@type\":\"PropertyValueSpecification\",\"valueRequired\":true,\"valueName\":\"search_term_string\"}}],\"inLanguage\":\"lv-LV\"},{\"@type\":\"Organization\",\"@id\":\"https:\/\/dolores.ee\/lv\/#organization\",\"name\":\"Dolores O\u00dc\",\"alternateName\":\"Dolores e-pood\",\"url\":\"https:\/\/dolores.ee\/lv\/\",\"logo\":{\"@type\":\"ImageObject\",\"inLanguage\":\"lv-LV\",\"@id\":\"https:\/\/dolores.ee\/lv\/#\/schema\/logo\/image\/\",\"url\":\"https:\/\/dolores.ee\/wp-content\/uploads\/2025\/04\/logo-1.jpg\",\"contentUrl\":\"https:\/\/dolores.ee\/wp-content\/uploads\/2025\/04\/logo-1.jpg\",\"width\":1951,\"height\":660,\"caption\":\"Dolores O\u00dc\"},\"image\":{\"@id\":\"https:\/\/dolores.ee\/lv\/#\/schema\/logo\/image\/\"},\"sameAs\":[\"https:\/\/www.facebook.com\/doloresepood\/\"],\"description\":\"Dolores.ee on kaasaegne veebipood, kust leiad tuntud kaubam\u00e4rkide \u2013 GIGI, Anna Lotan, Hikari, Hlavin \u2013 originaalkosmeetikat. Pakume kvaliteetseid hooldustooteid taskukohaste hindadega ja kiire kohaletoimetamisega \u00fcle Eesti. Nahahooldus pole kunagi olnud nii lihtne ja soodne!\",\"email\":\"dolores@dolores.ee\",\"telephone\":\"372 644 2440\",\"legalName\":\"Dolores O\u00dc\",\"foundingDate\":\"1998-02-09\",\"vatID\":\"EE100050280\",\"numberOfEmployees\":{\"@type\":\"QuantitativeValue\",\"minValue\":\"11\",\"maxValue\":\"50\"}}]}<\/script>\n<!-- \/ Yoast SEO Premium plugin. -->","yoast_head_json":{"title":"Anna Lotan Liquid Gold Golden Silk Serums 50 ml ~ Dolores","robots":{"index":"index","follow":"follow","max-snippet":"max-snippet:-1","max-image-preview":"max-image-preview:large","max-video-preview":"max-video-preview:-1"},"canonical":"https:\/\/dolores.ee\/lv\/product\/anna-lotan-liquid-gold-golden-silk-serums-50-ml\/","og_locale":"lv_LV","og_type":"article","og_title":"Anna Lotan Liquid Gold Golden Silk Serums 50 ml","og_description":"Sarjas Liquid Gold sejas serums \u201eKuldnais siids\u201c","og_url":"https:\/\/dolores.ee\/lv\/product\/anna-lotan-liquid-gold-golden-silk-serums-50-ml\/","og_site_name":"Dolores","article_publisher":"https:\/\/www.facebook.com\/doloresepood\/","article_modified_time":"2026-04-01T09:11:46+00:00","og_image":[{"width":1200,"height":675,"url":"https:\/\/dolores.ee\/wp-content\/uploads\/2025\/05\/seo.jpg","type":"image\/jpeg"}],"twitter_card":"summary_large_image","twitter_misc":{"Est. reading time":"1 minute"},"schema":{"@context":"https:\/\/schema.org","@graph":[{"@type":"WebPage","@id":"https:\/\/dolores.ee\/lv\/product\/anna-lotan-liquid-gold-golden-silk-serums-50-ml\/","url":"https:\/\/dolores.ee\/lv\/product\/anna-lotan-liquid-gold-golden-silk-serums-50-ml\/","name":"Anna Lotan Liquid Gold Golden Silk Serums 50 ml ~ Dolores","isPartOf":{"@id":"https:\/\/dolores.ee\/lv\/#website"},"primaryImageOfPage":{"@id":"https:\/\/dolores.ee\/lv\/product\/anna-lotan-liquid-gold-golden-silk-serums-50-ml\/#primaryimage"},"image":{"@id":"https:\/\/dolores.ee\/lv\/product\/anna-lotan-liquid-gold-golden-silk-serums-50-ml\/#primaryimage"},"thumbnailUrl":"https:\/\/dolores.ee\/wp-content\/uploads\/2020\/08\/768-1-scaled.jpg","datePublished":"2020-08-13T09:57:44+00:00","dateModified":"2026-04-01T09:11:46+00:00","breadcrumb":{"@id":"https:\/\/dolores.ee\/lv\/product\/anna-lotan-liquid-gold-golden-silk-serums-50-ml\/#breadcrumb"},"inLanguage":"lv-LV","potentialAction":[{"@type":"ReadAction","target":["https:\/\/dolores.ee\/lv\/product\/anna-lotan-liquid-gold-golden-silk-serums-50-ml\/"]}]},{"@type":"ImageObject","inLanguage":"lv-LV","@id":"https:\/\/dolores.ee\/lv\/product\/anna-lotan-liquid-gold-golden-silk-serums-50-ml\/#primaryimage","url":"https:\/\/dolores.ee\/wp-content\/uploads\/2020\/08\/768-1-scaled.jpg","contentUrl":"https:\/\/dolores.ee\/wp-content\/uploads\/2020\/08\/768-1-scaled.jpg","width":2560,"height":2560},{"@type":"BreadcrumbList","@id":"https:\/\/dolores.ee\/lv\/product\/anna-lotan-liquid-gold-golden-silk-serums-50-ml\/#breadcrumb","itemListElement":[{"@type":"ListItem","position":1,"name":"Home","item":"https:\/\/dolores.ee\/lv\/"},{"@type":"ListItem","position":2,"name":"E-veikals","item":"https:\/\/dolores.ee\/lv\/e-veikals\/"},{"@type":"ListItem","position":3,"name":"Anna Lotan Liquid Gold Golden Silk Serums 50 ml"}]},{"@type":"WebSite","@id":"https:\/\/dolores.ee\/lv\/#website","url":"https:\/\/dolores.ee\/lv\/","name":"Dolores e-pood","description":"Beauty Shop","publisher":{"@id":"https:\/\/dolores.ee\/lv\/#organization"},"alternateName":"Dolores","potentialAction":[{"@type":"SearchAction","target":{"@type":"EntryPoint","urlTemplate":"https:\/\/dolores.ee\/lv\/?s={search_term_string}"},"query-input":{"@type":"PropertyValueSpecification","valueRequired":true,"valueName":"search_term_string"}}],"inLanguage":"lv-LV"},{"@type":"Organization","@id":"https:\/\/dolores.ee\/lv\/#organization","name":"Dolores O\u00dc","alternateName":"Dolores e-pood","url":"https:\/\/dolores.ee\/lv\/","logo":{"@type":"ImageObject","inLanguage":"lv-LV","@id":"https:\/\/dolores.ee\/lv\/#\/schema\/logo\/image\/","url":"https:\/\/dolores.ee\/wp-content\/uploads\/2025\/04\/logo-1.jpg","contentUrl":"https:\/\/dolores.ee\/wp-content\/uploads\/2025\/04\/logo-1.jpg","width":1951,"height":660,"caption":"Dolores O\u00dc"},"image":{"@id":"https:\/\/dolores.ee\/lv\/#\/schema\/logo\/image\/"},"sameAs":["https:\/\/www.facebook.com\/doloresepood\/"],"description":"Dolores.ee on kaasaegne veebipood, kust leiad tuntud kaubam\u00e4rkide \u2013 GIGI, Anna Lotan, Hikari, Hlavin \u2013 originaalkosmeetikat. Pakume kvaliteetseid hooldustooteid taskukohaste hindadega ja kiire kohaletoimetamisega \u00fcle Eesti. Nahahooldus pole kunagi olnud nii lihtne ja soodne!","email":"dolores@dolores.ee","telephone":"372 644 2440","legalName":"Dolores O\u00dc","foundingDate":"1998-02-09","vatID":"EE100050280","numberOfEmployees":{"@type":"QuantitativeValue","minValue":"11","maxValue":"50"}}]}},"_links":{"self":[{"href":"https:\/\/dolores.ee\/lv\/wp-json\/wp\/v2\/product\/998479","targetHints":{"allow":["GET"]}}],"collection":[{"href":"https:\/\/dolores.ee\/lv\/wp-json\/wp\/v2\/product"}],"about":[{"href":"https:\/\/dolores.ee\/lv\/wp-json\/wp\/v2\/types\/product"}],"replies":[{"embeddable":true,"href":"https:\/\/dolores.ee\/lv\/wp-json\/wp\/v2\/comments?post=998479"}],"version-history":[{"count":0,"href":"https:\/\/dolores.ee\/lv\/wp-json\/wp\/v2\/product\/998479\/revisions"}],"wp:featuredmedia":[{"embeddable":true,"href":"https:\/\/dolores.ee\/lv\/wp-json\/wp\/v2\/media\/1001879"}],"wp:attachment":[{"href":"https:\/\/dolores.ee\/lv\/wp-json\/wp\/v2\/media?parent=998479"}],"wp:term":[{"taxonomy":"product_brand","embeddable":true,"href":"https:\/\/dolores.ee\/lv\/wp-json\/wp\/v2\/product_brand?post=998479"},{"taxonomy":"product_cat","embeddable":true,"href":"https:\/\/dolores.ee\/lv\/wp-json\/wp\/v2\/product_cat?post=998479"},{"taxonomy":"product_tag","embeddable":true,"href":"https:\/\/dolores.ee\/lv\/wp-json\/wp\/v2\/product_tag?post=998479"},{"taxonomy":"giftcard-category","embeddable":true,"href":"https:\/\/dolores.ee\/lv\/wp-json\/wp\/v2\/giftcard-category?post=998479"}],"curies":[{"name":"wp","href":"https:\/\/api.w.org\/{rel}","templated":true}]}}