{"id":998493,"date":"2020-08-13T12:57:33","date_gmt":"2020-08-13T09:57:33","guid":{"rendered":"https:\/\/dolores.ee\/product\/anna-lotan-liquid-gold-zelta-juras-algu-skrubis-30-ml\/"},"modified":"2025-07-01T11:06:04","modified_gmt":"2025-07-01T08:06:04","slug":"anna-lotan-liquid-gold-zelta-juras-algu-skrubis-30-ml","status":"publish","type":"product","link":"https:\/\/dolores.ee\/lv\/product\/anna-lotan-liquid-gold-zelta-juras-algu-skrubis-30-ml\/","title":{"rendered":"Anna Lotan Liquid Gold Zelta J\u016bras a\u013c\u0123u skrubis 30 ml"},"content":{"rendered":"<div class=\"vgblk-rw-wrapper limit-wrapper\">\n<p data-start=\"131\" data-end=\"631\">Skrubis ir izgatavots no bag\u0101t\u012bgiem dab\u012bgiem komponentiem: j\u016bras a\u013c\u0123\u0113m \u0101das m\u012bkstin\u0101\u0161anai, auzu miltiem \u0101das att\u012br\u012b\u0161anai, zelta astelpaju e\u013c\u013cas, nomierino\u0161a ban\u0101na ekstrakta, aizsarg\u0101jo\u0161iem fitosteroliem, dab\u012bg\u0101m e\u013c\u013c\u0101m, riekstu vaskiem un vitam\u012bniem, kas aizsarg\u0101 pret br\u012bvajiem radik\u0101\u013ciem. Skrubja abraz\u012bv\u0101s da\u013ci\u0146as ir maigas, t\u0101p\u0113c meh\u0101nisk\u0101 p\u012blinga process notiek bez \u0101das kairin\u0101juma, piel\u0101gojoties individu\u0101l\u0101m \u0101das vajadz\u012bb\u0101m. Skrubis piln\u012bb\u0101 att\u012bra \u0101du, atst\u0101jot to br\u012bni\u0161\u0137\u012bgi svaigu un maigu.<\/p>\n<p data-start=\"633\" data-end=\"1187\"><strong data-start=\"633\" data-end=\"647\">Lieto\u0161ana:<\/strong> uzkl\u0101jiet nelielu daudzumu uz sejas un ar pirkstu galiem intens\u012bvi iemas\u0113jiet problem\u0101tisk\u0101s zonas (komedoni, grumbas u.c.). Intens\u012bv\u0101kai skrub\u0113\u0161anai pievienojiet nedaudz Zelta AHA \u0161\u0137idruma un turpiniet mas\u0101\u017eu (izvairieties no acu zonas!) da\u017eas min\u016btes. P\u0113c tam nomazg\u0101jiet un nosusiniet ar m\u012bkstu dvieli. Ja j\u016bsu \u0101da ir jut\u012bga, AHA \u0161\u0137idrumu at\u0161\u0137aidiet ar \u016bdeni. P\u0113c skrubja vienm\u0113r aizsarg\u0101jiet \u0101du ar Zelta s\u0113rijas dienas kr\u0113mu ar SPF30, lai izvair\u012btos no saules boj\u0101jumiem. Nelietojiet skrubi \u013coti jut\u012bgai un kapil\u0101ru pies\u0101tin\u0101tai \u0101dai.<\/p>\n<p data-start=\"1189\" data-end=\"1622\"><strong data-start=\"1189\" data-end=\"1201\">Sast\u0101vs:<\/strong> <em>Simmondsia Chinensis (Jojoba) Seed Oil, Olus (Vegetable) Oil, Caprylic\/Capric Triglyceride, Ethylhexyl Palmitate, Laminaria Digitata Extract, Maris Aqua (Sea Water), Beeswax, Orbignya Oleifera (Babassu) Seed Oil, Plantago Ovata Seed Extract, PEG 40 Sorbitan Peroleate, Avena Sativa (Oat) Starch, Hippophae Rhamnoides (Seabuckthorn) Oil, Glycine Soja (Soybean) Sterol, Hydrogenated Castor Oil, Tocopheryl Acetate, Parfum.<\/em><\/p>\n<\/div>\n<p><!-- .vgblk-rw-wrapper --><\/p>\n","protected":false},"excerpt":{"rendered":"<p>Anna Lotan Liquid Gold Zelta J\u016bras a\u013c\u0123u skrubis 30 ml<\/p>\n","protected":false},"featured_media":1001863,"comment_status":"open","ping_status":"closed","template":"","meta":[],"product_brand":[],"product_cat":[660,669,723,676,718],"product_tag":[],"giftcard-category":[],"class_list":{"0":"post-998493","1":"product","2":"type-product","3":"status-publish","4":"has-post-thumbnail","6":"product_cat-anna-lotan-lv","7":"product_cat-liquid-gold-lv","8":"product_cat-peelings","9":"product_cat-sale-lv","10":"product_cat-sejas-kopsana","12":"first","13":"instock","14":"taxable","15":"shipping-taxable","16":"purchasable","17":"product-type-simple"},"yoast_head":"<!-- This site is optimized with the Yoast SEO Premium plugin v25.1 (Yoast SEO v25.7) - https:\/\/yoast.com\/wordpress\/plugins\/seo\/ -->\n<title>Anna Lotan Liquid Gold Zelta J\u016bras a\u013c\u0123u skrubis 30 ml ~ Dolores<\/title>\n<meta name=\"robots\" content=\"index, follow, max-snippet:-1, max-image-preview:large, max-video-preview:-1\" \/>\n<link rel=\"canonical\" href=\"https:\/\/dolores.ee\/lv\/product\/anna-lotan-liquid-gold-zelta-juras-algu-skrubis-30-ml\/\" \/>\n<meta property=\"og:locale\" content=\"lv_LV\" \/>\n<meta property=\"og:type\" content=\"article\" \/>\n<meta property=\"og:title\" content=\"Anna Lotan Liquid Gold Zelta J\u016bras a\u013c\u0123u skrubis 30 ml\" \/>\n<meta property=\"og:description\" content=\"Anna Lotan Liquid Gold Zelta J\u016bras a\u013c\u0123u skrubis 30 ml\" \/>\n<meta property=\"og:url\" content=\"https:\/\/dolores.ee\/lv\/product\/anna-lotan-liquid-gold-zelta-juras-algu-skrubis-30-ml\/\" \/>\n<meta property=\"og:site_name\" content=\"Dolores\" \/>\n<meta property=\"article:publisher\" content=\"https:\/\/www.facebook.com\/doloresepood\/\" \/>\n<meta property=\"article:modified_time\" content=\"2025-07-01T08:06:04+00:00\" \/>\n<meta property=\"og:image\" content=\"https:\/\/dolores.ee\/wp-content\/uploads\/2025\/05\/seo.jpg\" \/>\n\t<meta property=\"og:image:width\" content=\"1200\" \/>\n\t<meta property=\"og:image:height\" content=\"675\" \/>\n\t<meta property=\"og:image:type\" content=\"image\/jpeg\" \/>\n<meta name=\"twitter:card\" content=\"summary_large_image\" \/>\n<meta name=\"twitter:label1\" content=\"Est. reading time\" \/>\n\t<meta name=\"twitter:data1\" content=\"1 minute\" \/>\n<script type=\"application\/ld+json\" class=\"yoast-schema-graph\">{\"@context\":\"https:\/\/schema.org\",\"@graph\":[{\"@type\":\"WebPage\",\"@id\":\"https:\/\/dolores.ee\/lv\/product\/anna-lotan-liquid-gold-zelta-juras-algu-skrubis-30-ml\/\",\"url\":\"https:\/\/dolores.ee\/lv\/product\/anna-lotan-liquid-gold-zelta-juras-algu-skrubis-30-ml\/\",\"name\":\"Anna Lotan Liquid Gold Zelta J\u016bras a\u013c\u0123u skrubis 30 ml ~ Dolores\",\"isPartOf\":{\"@id\":\"https:\/\/dolores.ee\/lv\/#website\"},\"primaryImageOfPage\":{\"@id\":\"https:\/\/dolores.ee\/lv\/product\/anna-lotan-liquid-gold-zelta-juras-algu-skrubis-30-ml\/#primaryimage\"},\"image\":{\"@id\":\"https:\/\/dolores.ee\/lv\/product\/anna-lotan-liquid-gold-zelta-juras-algu-skrubis-30-ml\/#primaryimage\"},\"thumbnailUrl\":\"https:\/\/dolores.ee\/wp-content\/uploads\/2020\/08\/148-scaled.jpg\",\"datePublished\":\"2020-08-13T09:57:33+00:00\",\"dateModified\":\"2025-07-01T08:06:04+00:00\",\"breadcrumb\":{\"@id\":\"https:\/\/dolores.ee\/lv\/product\/anna-lotan-liquid-gold-zelta-juras-algu-skrubis-30-ml\/#breadcrumb\"},\"inLanguage\":\"lv-LV\",\"potentialAction\":[{\"@type\":\"ReadAction\",\"target\":[\"https:\/\/dolores.ee\/lv\/product\/anna-lotan-liquid-gold-zelta-juras-algu-skrubis-30-ml\/\"]}]},{\"@type\":\"ImageObject\",\"inLanguage\":\"lv-LV\",\"@id\":\"https:\/\/dolores.ee\/lv\/product\/anna-lotan-liquid-gold-zelta-juras-algu-skrubis-30-ml\/#primaryimage\",\"url\":\"https:\/\/dolores.ee\/wp-content\/uploads\/2020\/08\/148-scaled.jpg\",\"contentUrl\":\"https:\/\/dolores.ee\/wp-content\/uploads\/2020\/08\/148-scaled.jpg\",\"width\":2560,\"height\":2560},{\"@type\":\"BreadcrumbList\",\"@id\":\"https:\/\/dolores.ee\/lv\/product\/anna-lotan-liquid-gold-zelta-juras-algu-skrubis-30-ml\/#breadcrumb\",\"itemListElement\":[{\"@type\":\"ListItem\",\"position\":1,\"name\":\"Home\",\"item\":\"https:\/\/dolores.ee\/lv\/\"},{\"@type\":\"ListItem\",\"position\":2,\"name\":\"E-veikals\",\"item\":\"https:\/\/dolores.ee\/lv\/e-veikals\/\"},{\"@type\":\"ListItem\",\"position\":3,\"name\":\"Anna Lotan Liquid Gold Zelta J\u016bras a\u013c\u0123u skrubis 30 ml\"}]},{\"@type\":\"WebSite\",\"@id\":\"https:\/\/dolores.ee\/lv\/#website\",\"url\":\"https:\/\/dolores.ee\/lv\/\",\"name\":\"Dolores e-pood\",\"description\":\"Beauty Shop\",\"publisher\":{\"@id\":\"https:\/\/dolores.ee\/lv\/#organization\"},\"alternateName\":\"Dolores\",\"potentialAction\":[{\"@type\":\"SearchAction\",\"target\":{\"@type\":\"EntryPoint\",\"urlTemplate\":\"https:\/\/dolores.ee\/lv\/?s={search_term_string}\"},\"query-input\":{\"@type\":\"PropertyValueSpecification\",\"valueRequired\":true,\"valueName\":\"search_term_string\"}}],\"inLanguage\":\"lv-LV\"},{\"@type\":\"Organization\",\"@id\":\"https:\/\/dolores.ee\/lv\/#organization\",\"name\":\"Dolores O\u00dc\",\"alternateName\":\"Dolores e-pood\",\"url\":\"https:\/\/dolores.ee\/lv\/\",\"logo\":{\"@type\":\"ImageObject\",\"inLanguage\":\"lv-LV\",\"@id\":\"https:\/\/dolores.ee\/lv\/#\/schema\/logo\/image\/\",\"url\":\"https:\/\/dolores.ee\/wp-content\/uploads\/2025\/04\/logo-1.jpg\",\"contentUrl\":\"https:\/\/dolores.ee\/wp-content\/uploads\/2025\/04\/logo-1.jpg\",\"width\":1951,\"height\":660,\"caption\":\"Dolores O\u00dc\"},\"image\":{\"@id\":\"https:\/\/dolores.ee\/lv\/#\/schema\/logo\/image\/\"},\"sameAs\":[\"https:\/\/www.facebook.com\/doloresepood\/\"],\"description\":\"Dolores.ee on kaasaegne veebipood, kust leiad tuntud kaubam\u00e4rkide \u2013 GIGI, Anna Lotan, Hikari, Hlavin \u2013 originaalkosmeetikat. Pakume kvaliteetseid hooldustooteid taskukohaste hindadega ja kiire kohaletoimetamisega \u00fcle Eesti. Nahahooldus pole kunagi olnud nii lihtne ja soodne!\",\"email\":\"dolores@dolores.ee\",\"telephone\":\"372 644 2440\",\"legalName\":\"Dolores O\u00dc\",\"foundingDate\":\"1998-02-09\",\"vatID\":\"EE100050280\",\"numberOfEmployees\":{\"@type\":\"QuantitativeValue\",\"minValue\":\"11\",\"maxValue\":\"50\"}}]}<\/script>\n<!-- \/ Yoast SEO Premium plugin. -->","yoast_head_json":{"title":"Anna Lotan Liquid Gold Zelta J\u016bras a\u013c\u0123u skrubis 30 ml ~ Dolores","robots":{"index":"index","follow":"follow","max-snippet":"max-snippet:-1","max-image-preview":"max-image-preview:large","max-video-preview":"max-video-preview:-1"},"canonical":"https:\/\/dolores.ee\/lv\/product\/anna-lotan-liquid-gold-zelta-juras-algu-skrubis-30-ml\/","og_locale":"lv_LV","og_type":"article","og_title":"Anna Lotan Liquid Gold Zelta J\u016bras a\u013c\u0123u skrubis 30 ml","og_description":"Anna Lotan Liquid Gold Zelta J\u016bras a\u013c\u0123u skrubis 30 ml","og_url":"https:\/\/dolores.ee\/lv\/product\/anna-lotan-liquid-gold-zelta-juras-algu-skrubis-30-ml\/","og_site_name":"Dolores","article_publisher":"https:\/\/www.facebook.com\/doloresepood\/","article_modified_time":"2025-07-01T08:06:04+00:00","og_image":[{"width":1200,"height":675,"url":"https:\/\/dolores.ee\/wp-content\/uploads\/2025\/05\/seo.jpg","type":"image\/jpeg"}],"twitter_card":"summary_large_image","twitter_misc":{"Est. reading time":"1 minute"},"schema":{"@context":"https:\/\/schema.org","@graph":[{"@type":"WebPage","@id":"https:\/\/dolores.ee\/lv\/product\/anna-lotan-liquid-gold-zelta-juras-algu-skrubis-30-ml\/","url":"https:\/\/dolores.ee\/lv\/product\/anna-lotan-liquid-gold-zelta-juras-algu-skrubis-30-ml\/","name":"Anna Lotan Liquid Gold Zelta J\u016bras a\u013c\u0123u skrubis 30 ml ~ Dolores","isPartOf":{"@id":"https:\/\/dolores.ee\/lv\/#website"},"primaryImageOfPage":{"@id":"https:\/\/dolores.ee\/lv\/product\/anna-lotan-liquid-gold-zelta-juras-algu-skrubis-30-ml\/#primaryimage"},"image":{"@id":"https:\/\/dolores.ee\/lv\/product\/anna-lotan-liquid-gold-zelta-juras-algu-skrubis-30-ml\/#primaryimage"},"thumbnailUrl":"https:\/\/dolores.ee\/wp-content\/uploads\/2020\/08\/148-scaled.jpg","datePublished":"2020-08-13T09:57:33+00:00","dateModified":"2025-07-01T08:06:04+00:00","breadcrumb":{"@id":"https:\/\/dolores.ee\/lv\/product\/anna-lotan-liquid-gold-zelta-juras-algu-skrubis-30-ml\/#breadcrumb"},"inLanguage":"lv-LV","potentialAction":[{"@type":"ReadAction","target":["https:\/\/dolores.ee\/lv\/product\/anna-lotan-liquid-gold-zelta-juras-algu-skrubis-30-ml\/"]}]},{"@type":"ImageObject","inLanguage":"lv-LV","@id":"https:\/\/dolores.ee\/lv\/product\/anna-lotan-liquid-gold-zelta-juras-algu-skrubis-30-ml\/#primaryimage","url":"https:\/\/dolores.ee\/wp-content\/uploads\/2020\/08\/148-scaled.jpg","contentUrl":"https:\/\/dolores.ee\/wp-content\/uploads\/2020\/08\/148-scaled.jpg","width":2560,"height":2560},{"@type":"BreadcrumbList","@id":"https:\/\/dolores.ee\/lv\/product\/anna-lotan-liquid-gold-zelta-juras-algu-skrubis-30-ml\/#breadcrumb","itemListElement":[{"@type":"ListItem","position":1,"name":"Home","item":"https:\/\/dolores.ee\/lv\/"},{"@type":"ListItem","position":2,"name":"E-veikals","item":"https:\/\/dolores.ee\/lv\/e-veikals\/"},{"@type":"ListItem","position":3,"name":"Anna Lotan Liquid Gold Zelta J\u016bras a\u013c\u0123u skrubis 30 ml"}]},{"@type":"WebSite","@id":"https:\/\/dolores.ee\/lv\/#website","url":"https:\/\/dolores.ee\/lv\/","name":"Dolores e-pood","description":"Beauty Shop","publisher":{"@id":"https:\/\/dolores.ee\/lv\/#organization"},"alternateName":"Dolores","potentialAction":[{"@type":"SearchAction","target":{"@type":"EntryPoint","urlTemplate":"https:\/\/dolores.ee\/lv\/?s={search_term_string}"},"query-input":{"@type":"PropertyValueSpecification","valueRequired":true,"valueName":"search_term_string"}}],"inLanguage":"lv-LV"},{"@type":"Organization","@id":"https:\/\/dolores.ee\/lv\/#organization","name":"Dolores O\u00dc","alternateName":"Dolores e-pood","url":"https:\/\/dolores.ee\/lv\/","logo":{"@type":"ImageObject","inLanguage":"lv-LV","@id":"https:\/\/dolores.ee\/lv\/#\/schema\/logo\/image\/","url":"https:\/\/dolores.ee\/wp-content\/uploads\/2025\/04\/logo-1.jpg","contentUrl":"https:\/\/dolores.ee\/wp-content\/uploads\/2025\/04\/logo-1.jpg","width":1951,"height":660,"caption":"Dolores O\u00dc"},"image":{"@id":"https:\/\/dolores.ee\/lv\/#\/schema\/logo\/image\/"},"sameAs":["https:\/\/www.facebook.com\/doloresepood\/"],"description":"Dolores.ee on kaasaegne veebipood, kust leiad tuntud kaubam\u00e4rkide \u2013 GIGI, Anna Lotan, Hikari, Hlavin \u2013 originaalkosmeetikat. Pakume kvaliteetseid hooldustooteid taskukohaste hindadega ja kiire kohaletoimetamisega \u00fcle Eesti. Nahahooldus pole kunagi olnud nii lihtne ja soodne!","email":"dolores@dolores.ee","telephone":"372 644 2440","legalName":"Dolores O\u00dc","foundingDate":"1998-02-09","vatID":"EE100050280","numberOfEmployees":{"@type":"QuantitativeValue","minValue":"11","maxValue":"50"}}]}},"_links":{"self":[{"href":"https:\/\/dolores.ee\/lv\/wp-json\/wp\/v2\/product\/998493","targetHints":{"allow":["GET"]}}],"collection":[{"href":"https:\/\/dolores.ee\/lv\/wp-json\/wp\/v2\/product"}],"about":[{"href":"https:\/\/dolores.ee\/lv\/wp-json\/wp\/v2\/types\/product"}],"replies":[{"embeddable":true,"href":"https:\/\/dolores.ee\/lv\/wp-json\/wp\/v2\/comments?post=998493"}],"version-history":[{"count":0,"href":"https:\/\/dolores.ee\/lv\/wp-json\/wp\/v2\/product\/998493\/revisions"}],"wp:featuredmedia":[{"embeddable":true,"href":"https:\/\/dolores.ee\/lv\/wp-json\/wp\/v2\/media\/1001863"}],"wp:attachment":[{"href":"https:\/\/dolores.ee\/lv\/wp-json\/wp\/v2\/media?parent=998493"}],"wp:term":[{"taxonomy":"product_brand","embeddable":true,"href":"https:\/\/dolores.ee\/lv\/wp-json\/wp\/v2\/product_brand?post=998493"},{"taxonomy":"product_cat","embeddable":true,"href":"https:\/\/dolores.ee\/lv\/wp-json\/wp\/v2\/product_cat?post=998493"},{"taxonomy":"product_tag","embeddable":true,"href":"https:\/\/dolores.ee\/lv\/wp-json\/wp\/v2\/product_tag?post=998493"},{"taxonomy":"giftcard-category","embeddable":true,"href":"https:\/\/dolores.ee\/lv\/wp-json\/wp\/v2\/giftcard-category?post=998493"}],"curies":[{"name":"wp","href":"https:\/\/api.w.org\/{rel}","templated":true}]}}