{"id":998495,"date":"2020-08-13T12:57:32","date_gmt":"2020-08-13T09:57:32","guid":{"rendered":"https:\/\/dolores.ee\/product\/anna-lotan-liquid-gold-zelta-masazas-krems-ar-ellam-200-ml\/"},"modified":"2025-07-01T11:06:04","modified_gmt":"2025-07-01T08:06:04","slug":"anna-lotan-liquid-gold-zelta-masazas-krems-ar-ellam-200-ml","status":"publish","type":"product","link":"https:\/\/dolores.ee\/lv\/product\/anna-lotan-liquid-gold-zelta-masazas-krems-ar-ellam-200-ml\/","title":{"rendered":"Anna Lotan Liquid Gold Zelta mas\u0101\u017eas kr\u0113ms ar e\u013c\u013c\u0101m 200 ml"},"content":{"rendered":"<div class=\"vgblk-rw-wrapper limit-wrapper\">\n<p data-start=\"123\" data-end=\"558\">\u013boti pat\u012bkams mas\u0101\u017eas kr\u0113ms ar astelpaju, kas \u013cauj veikt ilgsto\u0161u mas\u0101\u017eu, jo kr\u0113ms mas\u0101\u017eas laik\u0101 p\u0101rv\u0113r\u0161as e\u013c\u013c\u0101. Saskaroties ar \u0101du un mas\u0101\u017eas kust\u012bbu ietekm\u0113, kr\u0113ms p\u0101rtop par mas\u0101\u017eas e\u013c\u013cu, kas nodro\u0161ina slid\u0113\u0161anu. \u201eZelta\u201d kr\u0113ms ir paredz\u0113ts sausas un novecojo\u0161as \u0101das mas\u0101\u017eai. No\u0146em no \u0101das noguruma un sasprindzin\u0101juma p\u0113das, atjauno \u0101das elast\u012bbu. Darbojas k\u0101 sp\u0113c\u012bgs antioksidants. \u013boti ekonomisks lieto\u0161an\u0101 (1 proced\u016brai \u2013 2 ml).<\/p>\n<p data-start=\"560\" data-end=\"778\"><strong data-start=\"560\" data-end=\"574\">Lieto\u0161ana:<\/strong> Vienm\u0113r\u012bgi uzkl\u0101jiet nelielu daudzumu kr\u0113ma iepriek\u0161 sagatavotai \u0101dai. Ar viegl\u0101m m\u012bc\u012b\u0161anas kust\u012bb\u0101m kr\u0113ms p\u0101rv\u0113r\u0161as mas\u0101\u017eas e\u013c\u013c\u0101, p\u0113c tam veiciet mas\u0101\u017eu. Kr\u0113ma p\u0101rpalikumus no\u0146emiet ar mitriem salvet\u0113m.<\/p>\n<p data-start=\"780\" data-end=\"1316\"><strong data-start=\"780\" data-end=\"792\">Sast\u0101vs:<\/strong> <em>Prunus Amygdalu Dulcis (Saldu mande\u013cu) e\u013c\u013ca, Olus (d\u0101rze\u0146u e\u013c\u013ca), Hydrogenated Polyisobutene, Aloe Barbadensis lapu sula, Aqua (\u016bdens), Simmondsia Chinensis (Jojobas) s\u0113klu e\u013c\u013ca, Glicer\u012blster\u0101ts, Ceteareth-20, Ceteareth-12, Cetearyl alkohols, Cetilpalmit\u0101ts, Hippophae Rhamnoides (astelpaju e\u013c\u013ca), Propil\u0113nglikols, Glikoze, N\u0101trija glutam\u0101ts, Ureja, Ser\u012bns, K\u0101lija aspart\u0101ts, N\u0101trija lakt\u0101ts, Fruktoze, Piensk\u0101be, Prol\u012bns, Ksant\u0101na gumija, Tokoferila acet\u0101ts, Imidazolidinilureja, Metilparab\u0113ns, Propilparab\u0113ns, Smar\u017eviela.<\/em><\/p>\n<\/div>\n<p><!-- .vgblk-rw-wrapper --><\/p>\n","protected":false},"excerpt":{"rendered":"<p>Anna Lotan Liquid Gold Zelta mas\u0101\u017eas kr\u0113ms ar e\u013c\u013c\u0101m 200 ml<\/p>\n","protected":false},"featured_media":1001871,"comment_status":"open","ping_status":"closed","template":"","meta":[],"product_brand":[],"product_cat":[660,698,669,703,716,676],"product_tag":[],"giftcard-category":[],"class_list":{"0":"post-998495","1":"product","2":"type-product","3":"status-publish","4":"has-post-thumbnail","6":"product_cat-anna-lotan-lv","7":"product_cat-kermena-kopsana","8":"product_cat-liquid-gold-lv","9":"product_cat-masaza","10":"product_cat-mitrinosi-produkti","11":"product_cat-sale-lv","13":"first","14":"instock","15":"taxable","16":"shipping-taxable","17":"purchasable","18":"product-type-simple"},"yoast_head":"<!-- This site is optimized with the Yoast SEO Premium plugin v25.1 (Yoast SEO v25.7) - https:\/\/yoast.com\/wordpress\/plugins\/seo\/ -->\n<title>Anna Lotan Liquid Gold Zelta mas\u0101\u017eas kr\u0113ms ar e\u013c\u013c\u0101m 200 ml ~ Dolores<\/title>\n<meta name=\"robots\" content=\"index, follow, max-snippet:-1, max-image-preview:large, max-video-preview:-1\" \/>\n<link rel=\"canonical\" href=\"https:\/\/dolores.ee\/lv\/product\/anna-lotan-liquid-gold-zelta-masazas-krems-ar-ellam-200-ml\/\" \/>\n<meta property=\"og:locale\" content=\"lv_LV\" \/>\n<meta property=\"og:type\" content=\"article\" \/>\n<meta property=\"og:title\" content=\"Anna Lotan Liquid Gold Zelta mas\u0101\u017eas kr\u0113ms ar e\u013c\u013c\u0101m 200 ml\" \/>\n<meta property=\"og:description\" content=\"Anna Lotan Liquid Gold Zelta mas\u0101\u017eas kr\u0113ms ar e\u013c\u013c\u0101m 200 ml\" \/>\n<meta property=\"og:url\" content=\"https:\/\/dolores.ee\/lv\/product\/anna-lotan-liquid-gold-zelta-masazas-krems-ar-ellam-200-ml\/\" \/>\n<meta property=\"og:site_name\" content=\"Dolores\" \/>\n<meta property=\"article:publisher\" content=\"https:\/\/www.facebook.com\/doloresepood\/\" \/>\n<meta property=\"article:modified_time\" content=\"2025-07-01T08:06:04+00:00\" \/>\n<meta property=\"og:image\" content=\"https:\/\/dolores.ee\/wp-content\/uploads\/2025\/05\/seo.jpg\" \/>\n\t<meta property=\"og:image:width\" content=\"1200\" \/>\n\t<meta property=\"og:image:height\" content=\"675\" \/>\n\t<meta property=\"og:image:type\" content=\"image\/jpeg\" \/>\n<meta name=\"twitter:card\" content=\"summary_large_image\" \/>\n<meta name=\"twitter:label1\" content=\"Est. reading time\" \/>\n\t<meta name=\"twitter:data1\" content=\"1 minute\" \/>\n<script type=\"application\/ld+json\" class=\"yoast-schema-graph\">{\"@context\":\"https:\/\/schema.org\",\"@graph\":[{\"@type\":\"WebPage\",\"@id\":\"https:\/\/dolores.ee\/lv\/product\/anna-lotan-liquid-gold-zelta-masazas-krems-ar-ellam-200-ml\/\",\"url\":\"https:\/\/dolores.ee\/lv\/product\/anna-lotan-liquid-gold-zelta-masazas-krems-ar-ellam-200-ml\/\",\"name\":\"Anna Lotan Liquid Gold Zelta mas\u0101\u017eas kr\u0113ms ar e\u013c\u013c\u0101m 200 ml ~ Dolores\",\"isPartOf\":{\"@id\":\"https:\/\/dolores.ee\/lv\/#website\"},\"primaryImageOfPage\":{\"@id\":\"https:\/\/dolores.ee\/lv\/product\/anna-lotan-liquid-gold-zelta-masazas-krems-ar-ellam-200-ml\/#primaryimage\"},\"image\":{\"@id\":\"https:\/\/dolores.ee\/lv\/product\/anna-lotan-liquid-gold-zelta-masazas-krems-ar-ellam-200-ml\/#primaryimage\"},\"thumbnailUrl\":\"https:\/\/dolores.ee\/wp-content\/uploads\/2020\/08\/long_way_massage_cream_oil_200_ml1.jpg\",\"datePublished\":\"2020-08-13T09:57:32+00:00\",\"dateModified\":\"2025-07-01T08:06:04+00:00\",\"breadcrumb\":{\"@id\":\"https:\/\/dolores.ee\/lv\/product\/anna-lotan-liquid-gold-zelta-masazas-krems-ar-ellam-200-ml\/#breadcrumb\"},\"inLanguage\":\"lv-LV\",\"potentialAction\":[{\"@type\":\"ReadAction\",\"target\":[\"https:\/\/dolores.ee\/lv\/product\/anna-lotan-liquid-gold-zelta-masazas-krems-ar-ellam-200-ml\/\"]}]},{\"@type\":\"ImageObject\",\"inLanguage\":\"lv-LV\",\"@id\":\"https:\/\/dolores.ee\/lv\/product\/anna-lotan-liquid-gold-zelta-masazas-krems-ar-ellam-200-ml\/#primaryimage\",\"url\":\"https:\/\/dolores.ee\/wp-content\/uploads\/2020\/08\/long_way_massage_cream_oil_200_ml1.jpg\",\"contentUrl\":\"https:\/\/dolores.ee\/wp-content\/uploads\/2020\/08\/long_way_massage_cream_oil_200_ml1.jpg\",\"width\":550,\"height\":550},{\"@type\":\"BreadcrumbList\",\"@id\":\"https:\/\/dolores.ee\/lv\/product\/anna-lotan-liquid-gold-zelta-masazas-krems-ar-ellam-200-ml\/#breadcrumb\",\"itemListElement\":[{\"@type\":\"ListItem\",\"position\":1,\"name\":\"Home\",\"item\":\"https:\/\/dolores.ee\/lv\/\"},{\"@type\":\"ListItem\",\"position\":2,\"name\":\"E-veikals\",\"item\":\"https:\/\/dolores.ee\/lv\/e-veikals\/\"},{\"@type\":\"ListItem\",\"position\":3,\"name\":\"Anna Lotan Liquid Gold Zelta mas\u0101\u017eas kr\u0113ms ar e\u013c\u013c\u0101m 200 ml\"}]},{\"@type\":\"WebSite\",\"@id\":\"https:\/\/dolores.ee\/lv\/#website\",\"url\":\"https:\/\/dolores.ee\/lv\/\",\"name\":\"Dolores e-pood\",\"description\":\"Beauty Shop\",\"publisher\":{\"@id\":\"https:\/\/dolores.ee\/lv\/#organization\"},\"alternateName\":\"Dolores\",\"potentialAction\":[{\"@type\":\"SearchAction\",\"target\":{\"@type\":\"EntryPoint\",\"urlTemplate\":\"https:\/\/dolores.ee\/lv\/?s={search_term_string}\"},\"query-input\":{\"@type\":\"PropertyValueSpecification\",\"valueRequired\":true,\"valueName\":\"search_term_string\"}}],\"inLanguage\":\"lv-LV\"},{\"@type\":\"Organization\",\"@id\":\"https:\/\/dolores.ee\/lv\/#organization\",\"name\":\"Dolores O\u00dc\",\"alternateName\":\"Dolores e-pood\",\"url\":\"https:\/\/dolores.ee\/lv\/\",\"logo\":{\"@type\":\"ImageObject\",\"inLanguage\":\"lv-LV\",\"@id\":\"https:\/\/dolores.ee\/lv\/#\/schema\/logo\/image\/\",\"url\":\"https:\/\/dolores.ee\/wp-content\/uploads\/2025\/04\/logo-1.jpg\",\"contentUrl\":\"https:\/\/dolores.ee\/wp-content\/uploads\/2025\/04\/logo-1.jpg\",\"width\":1951,\"height\":660,\"caption\":\"Dolores O\u00dc\"},\"image\":{\"@id\":\"https:\/\/dolores.ee\/lv\/#\/schema\/logo\/image\/\"},\"sameAs\":[\"https:\/\/www.facebook.com\/doloresepood\/\"],\"description\":\"Dolores.ee on kaasaegne veebipood, kust leiad tuntud kaubam\u00e4rkide \u2013 GIGI, Anna Lotan, Hikari, Hlavin \u2013 originaalkosmeetikat. Pakume kvaliteetseid hooldustooteid taskukohaste hindadega ja kiire kohaletoimetamisega \u00fcle Eesti. Nahahooldus pole kunagi olnud nii lihtne ja soodne!\",\"email\":\"dolores@dolores.ee\",\"telephone\":\"372 644 2440\",\"legalName\":\"Dolores O\u00dc\",\"foundingDate\":\"1998-02-09\",\"vatID\":\"EE100050280\",\"numberOfEmployees\":{\"@type\":\"QuantitativeValue\",\"minValue\":\"11\",\"maxValue\":\"50\"}}]}<\/script>\n<!-- \/ Yoast SEO Premium plugin. -->","yoast_head_json":{"title":"Anna Lotan Liquid Gold Zelta mas\u0101\u017eas kr\u0113ms ar e\u013c\u013c\u0101m 200 ml ~ Dolores","robots":{"index":"index","follow":"follow","max-snippet":"max-snippet:-1","max-image-preview":"max-image-preview:large","max-video-preview":"max-video-preview:-1"},"canonical":"https:\/\/dolores.ee\/lv\/product\/anna-lotan-liquid-gold-zelta-masazas-krems-ar-ellam-200-ml\/","og_locale":"lv_LV","og_type":"article","og_title":"Anna Lotan Liquid Gold Zelta mas\u0101\u017eas kr\u0113ms ar e\u013c\u013c\u0101m 200 ml","og_description":"Anna Lotan Liquid Gold Zelta mas\u0101\u017eas kr\u0113ms ar e\u013c\u013c\u0101m 200 ml","og_url":"https:\/\/dolores.ee\/lv\/product\/anna-lotan-liquid-gold-zelta-masazas-krems-ar-ellam-200-ml\/","og_site_name":"Dolores","article_publisher":"https:\/\/www.facebook.com\/doloresepood\/","article_modified_time":"2025-07-01T08:06:04+00:00","og_image":[{"width":1200,"height":675,"url":"https:\/\/dolores.ee\/wp-content\/uploads\/2025\/05\/seo.jpg","type":"image\/jpeg"}],"twitter_card":"summary_large_image","twitter_misc":{"Est. reading time":"1 minute"},"schema":{"@context":"https:\/\/schema.org","@graph":[{"@type":"WebPage","@id":"https:\/\/dolores.ee\/lv\/product\/anna-lotan-liquid-gold-zelta-masazas-krems-ar-ellam-200-ml\/","url":"https:\/\/dolores.ee\/lv\/product\/anna-lotan-liquid-gold-zelta-masazas-krems-ar-ellam-200-ml\/","name":"Anna Lotan Liquid Gold Zelta mas\u0101\u017eas kr\u0113ms ar e\u013c\u013c\u0101m 200 ml ~ Dolores","isPartOf":{"@id":"https:\/\/dolores.ee\/lv\/#website"},"primaryImageOfPage":{"@id":"https:\/\/dolores.ee\/lv\/product\/anna-lotan-liquid-gold-zelta-masazas-krems-ar-ellam-200-ml\/#primaryimage"},"image":{"@id":"https:\/\/dolores.ee\/lv\/product\/anna-lotan-liquid-gold-zelta-masazas-krems-ar-ellam-200-ml\/#primaryimage"},"thumbnailUrl":"https:\/\/dolores.ee\/wp-content\/uploads\/2020\/08\/long_way_massage_cream_oil_200_ml1.jpg","datePublished":"2020-08-13T09:57:32+00:00","dateModified":"2025-07-01T08:06:04+00:00","breadcrumb":{"@id":"https:\/\/dolores.ee\/lv\/product\/anna-lotan-liquid-gold-zelta-masazas-krems-ar-ellam-200-ml\/#breadcrumb"},"inLanguage":"lv-LV","potentialAction":[{"@type":"ReadAction","target":["https:\/\/dolores.ee\/lv\/product\/anna-lotan-liquid-gold-zelta-masazas-krems-ar-ellam-200-ml\/"]}]},{"@type":"ImageObject","inLanguage":"lv-LV","@id":"https:\/\/dolores.ee\/lv\/product\/anna-lotan-liquid-gold-zelta-masazas-krems-ar-ellam-200-ml\/#primaryimage","url":"https:\/\/dolores.ee\/wp-content\/uploads\/2020\/08\/long_way_massage_cream_oil_200_ml1.jpg","contentUrl":"https:\/\/dolores.ee\/wp-content\/uploads\/2020\/08\/long_way_massage_cream_oil_200_ml1.jpg","width":550,"height":550},{"@type":"BreadcrumbList","@id":"https:\/\/dolores.ee\/lv\/product\/anna-lotan-liquid-gold-zelta-masazas-krems-ar-ellam-200-ml\/#breadcrumb","itemListElement":[{"@type":"ListItem","position":1,"name":"Home","item":"https:\/\/dolores.ee\/lv\/"},{"@type":"ListItem","position":2,"name":"E-veikals","item":"https:\/\/dolores.ee\/lv\/e-veikals\/"},{"@type":"ListItem","position":3,"name":"Anna Lotan Liquid Gold Zelta mas\u0101\u017eas kr\u0113ms ar e\u013c\u013c\u0101m 200 ml"}]},{"@type":"WebSite","@id":"https:\/\/dolores.ee\/lv\/#website","url":"https:\/\/dolores.ee\/lv\/","name":"Dolores e-pood","description":"Beauty Shop","publisher":{"@id":"https:\/\/dolores.ee\/lv\/#organization"},"alternateName":"Dolores","potentialAction":[{"@type":"SearchAction","target":{"@type":"EntryPoint","urlTemplate":"https:\/\/dolores.ee\/lv\/?s={search_term_string}"},"query-input":{"@type":"PropertyValueSpecification","valueRequired":true,"valueName":"search_term_string"}}],"inLanguage":"lv-LV"},{"@type":"Organization","@id":"https:\/\/dolores.ee\/lv\/#organization","name":"Dolores O\u00dc","alternateName":"Dolores e-pood","url":"https:\/\/dolores.ee\/lv\/","logo":{"@type":"ImageObject","inLanguage":"lv-LV","@id":"https:\/\/dolores.ee\/lv\/#\/schema\/logo\/image\/","url":"https:\/\/dolores.ee\/wp-content\/uploads\/2025\/04\/logo-1.jpg","contentUrl":"https:\/\/dolores.ee\/wp-content\/uploads\/2025\/04\/logo-1.jpg","width":1951,"height":660,"caption":"Dolores O\u00dc"},"image":{"@id":"https:\/\/dolores.ee\/lv\/#\/schema\/logo\/image\/"},"sameAs":["https:\/\/www.facebook.com\/doloresepood\/"],"description":"Dolores.ee on kaasaegne veebipood, kust leiad tuntud kaubam\u00e4rkide \u2013 GIGI, Anna Lotan, Hikari, Hlavin \u2013 originaalkosmeetikat. Pakume kvaliteetseid hooldustooteid taskukohaste hindadega ja kiire kohaletoimetamisega \u00fcle Eesti. Nahahooldus pole kunagi olnud nii lihtne ja soodne!","email":"dolores@dolores.ee","telephone":"372 644 2440","legalName":"Dolores O\u00dc","foundingDate":"1998-02-09","vatID":"EE100050280","numberOfEmployees":{"@type":"QuantitativeValue","minValue":"11","maxValue":"50"}}]}},"_links":{"self":[{"href":"https:\/\/dolores.ee\/lv\/wp-json\/wp\/v2\/product\/998495","targetHints":{"allow":["GET"]}}],"collection":[{"href":"https:\/\/dolores.ee\/lv\/wp-json\/wp\/v2\/product"}],"about":[{"href":"https:\/\/dolores.ee\/lv\/wp-json\/wp\/v2\/types\/product"}],"replies":[{"embeddable":true,"href":"https:\/\/dolores.ee\/lv\/wp-json\/wp\/v2\/comments?post=998495"}],"version-history":[{"count":0,"href":"https:\/\/dolores.ee\/lv\/wp-json\/wp\/v2\/product\/998495\/revisions"}],"wp:featuredmedia":[{"embeddable":true,"href":"https:\/\/dolores.ee\/lv\/wp-json\/wp\/v2\/media\/1001871"}],"wp:attachment":[{"href":"https:\/\/dolores.ee\/lv\/wp-json\/wp\/v2\/media?parent=998495"}],"wp:term":[{"taxonomy":"product_brand","embeddable":true,"href":"https:\/\/dolores.ee\/lv\/wp-json\/wp\/v2\/product_brand?post=998495"},{"taxonomy":"product_cat","embeddable":true,"href":"https:\/\/dolores.ee\/lv\/wp-json\/wp\/v2\/product_cat?post=998495"},{"taxonomy":"product_tag","embeddable":true,"href":"https:\/\/dolores.ee\/lv\/wp-json\/wp\/v2\/product_tag?post=998495"},{"taxonomy":"giftcard-category","embeddable":true,"href":"https:\/\/dolores.ee\/lv\/wp-json\/wp\/v2\/giftcard-category?post=998495"}],"curies":[{"name":"wp","href":"https:\/\/api.w.org\/{rel}","templated":true}]}}