{"id":998503,"date":"2020-08-13T09:40:25","date_gmt":"2020-08-13T06:40:25","guid":{"rendered":"https:\/\/dolores.ee\/product\/hikari-fountain-of-youth-morning-secret-50-ml\/"},"modified":"2025-07-01T11:06:04","modified_gmt":"2025-07-01T08:06:04","slug":"hikari-fountain-of-youth-morning-secret-50-ml","status":"publish","type":"product","link":"https:\/\/dolores.ee\/lv\/product\/hikari-fountain-of-youth-morning-secret-50-ml\/","title":{"rendered":"HIKARI Fountain Of Youth Morning Secret 50 ml"},"content":{"rendered":"<div class=\"vgblk-rw-wrapper limit-wrapper\">\n<p data-start=\"154\" data-end=\"472\">MORNING SECRET FOUNTAIN OF YOUTH ir ide\u0101ls s\u0101kums tavai ikdienas \u0101das kop\u0161anas rut\u012bnai, apvienojot augst\u0101k\u0101s klases pret noveco\u0161anos sast\u0101vda\u013cas ar saules aizsardz\u012bbu. \u0160is greznais kr\u0113ms satur SPF 15, kas pal\u012bdz aizsarg\u0101t \u0101du no ikdienas saules stariem, nov\u0113r\u0161 priek\u0161laic\u012bgu noveco\u0161anos un saglab\u0101 jaunekl\u012bgu mirdzumu.<\/p>\n<p data-start=\"474\" data-end=\"729\">MORNING SECRET kodol\u0101 ir m\u016bsu ekskluz\u012bvais NAD NOBEL komplekss \u2013 patent\u0113ta kapsul\u0113tu NAD+ priek\u0161te\u010du (NR un NMN) kombin\u0101cija. \u0160\u012bs revolucion\u0101r\u0101s sast\u0101vda\u013cas darbojas \u0161\u016bnu l\u012bmen\u012b, atbalstot \u0101das vitalit\u0101ti un iztur\u012bbu, sniedzot ilgsto\u0161u atjaunojo\u0161u efektu.<\/p>\n<p data-start=\"731\" data-end=\"1189\">Papildus NAD NOBEL kompleksam MORNING SECRET satur inovat\u012bvas \u0101das kop\u0161anas vielas, kas atjauno un aizsarg\u0101 \u0101du. Vara tripept\u012bds-1 un niacinam\u012bds atbalsta \u0101das elast\u012bbu, kam\u0113r Saccharomyces l\u012bs\u0101ts (kombuha) un ehin\u0101cejas cilmes \u0161\u016bnu ekstrakts stiprina \u0101das aizsardz\u012bbas meh\u0101nismus, sniedzot tai svaigu un jaunekl\u012bgu izskatu. Mitrino\u0161\u0101s vielas, piem\u0113ram, n\u0101trija hialuron\u0101ts un ur\u012bnviela, uztur mitrumu un uzlabo \u0101das tekst\u016bru, padarot to tvirt\u0101ku un glud\u0101ku.<\/p>\n<p data-start=\"1191\" data-end=\"1433\">MORNING SECRET nodro\u0161ina, ka tava \u0101da katru dienu ir mitrin\u0101ta, maiga un aizsarg\u0101ta. \u0160is kr\u0113ms apvieno izcilu zin\u0101tni ar ikdienas saules aizsardz\u012bbu, pied\u0101v\u0101jot tev greznu pret noveco\u0161anos formulu, kas pal\u012bdz izcelt skaistu un jaunekl\u012bgu \u0101du.<\/p>\n<p data-start=\"1435\" data-end=\"1700\"><strong data-start=\"1435\" data-end=\"1461\">Lieto\u0161anas nor\u0101d\u012bjumi:<\/strong> Uzkl\u0101j nelielu daudzumu uz t\u012bras, sausas \u0101das. Maigi iemas\u0113 ar ap\u013cveida kust\u012bb\u0101m, l\u012bdz kr\u0113ms piln\u012bb\u0101 uzs\u016bcas. Lieto vienu vai divas reizes dien\u0101 vai p\u0113c \u0101das kop\u0161anas speci\u0101lista ieteikuma. Piem\u0113rots lieto\u0161anai uz sejas, kakla un dekolt\u0113.<\/p>\n<p data-start=\"1702\" data-end=\"1792\"><strong data-start=\"1702\" data-end=\"1728\">Piesardz\u012bbas pas\u0101kumi:<\/strong> Izvairies no kontakta ar ac\u012bm. Glab\u0101t b\u0113rniem nepieejam\u0101 viet\u0101.<\/p>\n<p data-start=\"1794\" data-end=\"3193\"><strong data-start=\"1794\" data-end=\"1806\">Sast\u0101vs:<\/strong> <em>Aqua, Cetearyl Alcohol, Propanediol, Glycerin, Isononyl Isononanoate, Cetearyl Ethylhexanoate, Cetyl Alcohol, Cetearyl Glucoside, Methyl Gluceth-20, Phenoxyethanol, Xylitylglucoside, Phenyl Trimethicone, Anhydroxylitol, Butylene Glycol, Potassium Cetyl Phosphate, Resveratrol, Sodium PCA, Maltodextrin, Sodium Lactate, Cyclomethicone, Xylitol, Parfum, Phytosterol, Shea Butter, Allantoin, Panthenol, Rosmarinus Officinalis Leaf Water, Tocopheryl Acetate, Wheat Germ Oil, Niacinamide, Ethylhexylglycerin, Adenosine, Alpha Bisabolol, Triethanolamine, Hydrolysed Collagen, Saccharide Isomerate, Xanthan Gum, PEG-40 Hydrogenated Castor Oil, Yeast Extract (Complex Vitamins B1, B2, B3, B5, B6, B12), Sodium Hyaluronate, Tocopherol, Echinacea Angustfolia Meristem Cell Culture, Urea, Glycine, Dead Sea Salt, Fructose, Hydrogenated Lecithin, Ubiquinone, Silica, Calcium Aluminum Borosilicate, Cl 77491, Tin Oxide, Titanium Dioxide, Sensiva, Vitis Vinifera Seed Extract, Saccharomyces Lysate, Inositol, Nicotinamide Adenine Dinucleotide, Calcium Lactate, Coenochloris Signiensis Extract, Disodium EDTA, Sodium Oleate, Sorbic Acid, Soybean (Glycine Soja) Oil, Lecithin, Polyglyceryl-3 Polyricinoleate, Citric Acid, Copper Tripeptide-1, Disodium Succinate, Hydroxylated Lecithin, Sodium Citrate, Behenamidopropyl Dimethylamine Behenate, Royal Peptide P5 (TRSEL), Glutamic Acid, Threonine, Valine.<\/em><\/p>\n<\/div>\n<p><!-- .vgblk-rw-wrapper --><\/p>\n","protected":false},"excerpt":{"rendered":"<p>HIKARI Fountain Of Youth Morning Secret<\/p>\n","protected":false},"featured_media":996947,"comment_status":"open","ping_status":"closed","template":"","meta":[],"product_brand":[],"product_cat":[774,725,689,687,716,783,676,718],"product_tag":[],"giftcard-category":[],"class_list":{"0":"post-998503","1":"product","2":"type-product","3":"status-publish","4":"has-post-thumbnail","6":"product_cat-bf2025-lv","7":"product_cat-dienas-krems","8":"product_cat-fountain-of-youth-lv","9":"product_cat-hikari-lv","10":"product_cat-mitrinosi-produkti","11":"product_cat-pavasara-adas-kopsana","12":"product_cat-sale-lv","13":"product_cat-sejas-kopsana","15":"first","16":"instock","17":"sale","18":"taxable","19":"shipping-taxable","20":"purchasable","21":"product-type-simple"},"yoast_head":"<!-- This site is optimized with the Yoast SEO Premium plugin v25.1 (Yoast SEO v25.7) - https:\/\/yoast.com\/wordpress\/plugins\/seo\/ -->\n<title>HIKARI Fountain Of Youth Morning Secret 50 ml ~ Dolores<\/title>\n<meta name=\"robots\" content=\"index, follow, max-snippet:-1, max-image-preview:large, max-video-preview:-1\" \/>\n<link rel=\"canonical\" href=\"https:\/\/dolores.ee\/lv\/product\/hikari-fountain-of-youth-morning-secret-50-ml\/\" \/>\n<meta property=\"og:locale\" content=\"lv_LV\" \/>\n<meta property=\"og:type\" content=\"article\" \/>\n<meta property=\"og:title\" content=\"HIKARI Fountain Of Youth Morning Secret 50 ml\" \/>\n<meta property=\"og:description\" content=\"HIKARI Fountain Of Youth Morning Secret\" \/>\n<meta property=\"og:url\" content=\"https:\/\/dolores.ee\/lv\/product\/hikari-fountain-of-youth-morning-secret-50-ml\/\" \/>\n<meta property=\"og:site_name\" content=\"Dolores\" \/>\n<meta property=\"article:publisher\" content=\"https:\/\/www.facebook.com\/doloresepood\/\" \/>\n<meta property=\"article:modified_time\" content=\"2025-07-01T08:06:04+00:00\" \/>\n<meta property=\"og:image\" content=\"https:\/\/dolores.ee\/wp-content\/uploads\/2025\/05\/seo.jpg\" \/>\n\t<meta property=\"og:image:width\" content=\"1200\" \/>\n\t<meta property=\"og:image:height\" content=\"675\" \/>\n\t<meta property=\"og:image:type\" content=\"image\/jpeg\" \/>\n<meta name=\"twitter:card\" content=\"summary_large_image\" \/>\n<meta name=\"twitter:label1\" content=\"Est. reading time\" \/>\n\t<meta name=\"twitter:data1\" content=\"2 minutes\" \/>\n<script type=\"application\/ld+json\" class=\"yoast-schema-graph\">{\"@context\":\"https:\/\/schema.org\",\"@graph\":[{\"@type\":\"WebPage\",\"@id\":\"https:\/\/dolores.ee\/lv\/product\/hikari-fountain-of-youth-morning-secret-50-ml\/\",\"url\":\"https:\/\/dolores.ee\/lv\/product\/hikari-fountain-of-youth-morning-secret-50-ml\/\",\"name\":\"HIKARI Fountain Of Youth Morning Secret 50 ml ~ Dolores\",\"isPartOf\":{\"@id\":\"https:\/\/dolores.ee\/lv\/#website\"},\"primaryImageOfPage\":{\"@id\":\"https:\/\/dolores.ee\/lv\/product\/hikari-fountain-of-youth-morning-secret-50-ml\/#primaryimage\"},\"image\":{\"@id\":\"https:\/\/dolores.ee\/lv\/product\/hikari-fountain-of-youth-morning-secret-50-ml\/#primaryimage\"},\"thumbnailUrl\":\"https:\/\/dolores.ee\/wp-content\/uploads\/2020\/08\/imgal_1_15816.webp\",\"datePublished\":\"2020-08-13T06:40:25+00:00\",\"dateModified\":\"2025-07-01T08:06:04+00:00\",\"breadcrumb\":{\"@id\":\"https:\/\/dolores.ee\/lv\/product\/hikari-fountain-of-youth-morning-secret-50-ml\/#breadcrumb\"},\"inLanguage\":\"lv-LV\",\"potentialAction\":[{\"@type\":\"ReadAction\",\"target\":[\"https:\/\/dolores.ee\/lv\/product\/hikari-fountain-of-youth-morning-secret-50-ml\/\"]}]},{\"@type\":\"ImageObject\",\"inLanguage\":\"lv-LV\",\"@id\":\"https:\/\/dolores.ee\/lv\/product\/hikari-fountain-of-youth-morning-secret-50-ml\/#primaryimage\",\"url\":\"https:\/\/dolores.ee\/wp-content\/uploads\/2020\/08\/imgal_1_15816.webp\",\"contentUrl\":\"https:\/\/dolores.ee\/wp-content\/uploads\/2020\/08\/imgal_1_15816.webp\",\"width\":900,\"height\":900},{\"@type\":\"BreadcrumbList\",\"@id\":\"https:\/\/dolores.ee\/lv\/product\/hikari-fountain-of-youth-morning-secret-50-ml\/#breadcrumb\",\"itemListElement\":[{\"@type\":\"ListItem\",\"position\":1,\"name\":\"Home\",\"item\":\"https:\/\/dolores.ee\/lv\/\"},{\"@type\":\"ListItem\",\"position\":2,\"name\":\"E-veikals\",\"item\":\"https:\/\/dolores.ee\/lv\/e-veikals\/\"},{\"@type\":\"ListItem\",\"position\":3,\"name\":\"HIKARI Fountain Of Youth Morning Secret 50 ml\"}]},{\"@type\":\"WebSite\",\"@id\":\"https:\/\/dolores.ee\/lv\/#website\",\"url\":\"https:\/\/dolores.ee\/lv\/\",\"name\":\"Dolores e-pood\",\"description\":\"Beauty Shop\",\"publisher\":{\"@id\":\"https:\/\/dolores.ee\/lv\/#organization\"},\"alternateName\":\"Dolores\",\"potentialAction\":[{\"@type\":\"SearchAction\",\"target\":{\"@type\":\"EntryPoint\",\"urlTemplate\":\"https:\/\/dolores.ee\/lv\/?s={search_term_string}\"},\"query-input\":{\"@type\":\"PropertyValueSpecification\",\"valueRequired\":true,\"valueName\":\"search_term_string\"}}],\"inLanguage\":\"lv-LV\"},{\"@type\":\"Organization\",\"@id\":\"https:\/\/dolores.ee\/lv\/#organization\",\"name\":\"Dolores O\u00dc\",\"alternateName\":\"Dolores e-pood\",\"url\":\"https:\/\/dolores.ee\/lv\/\",\"logo\":{\"@type\":\"ImageObject\",\"inLanguage\":\"lv-LV\",\"@id\":\"https:\/\/dolores.ee\/lv\/#\/schema\/logo\/image\/\",\"url\":\"https:\/\/dolores.ee\/wp-content\/uploads\/2025\/04\/logo-1.jpg\",\"contentUrl\":\"https:\/\/dolores.ee\/wp-content\/uploads\/2025\/04\/logo-1.jpg\",\"width\":1951,\"height\":660,\"caption\":\"Dolores O\u00dc\"},\"image\":{\"@id\":\"https:\/\/dolores.ee\/lv\/#\/schema\/logo\/image\/\"},\"sameAs\":[\"https:\/\/www.facebook.com\/doloresepood\/\"],\"description\":\"Dolores.ee on kaasaegne veebipood, kust leiad tuntud kaubam\u00e4rkide \u2013 GIGI, Anna Lotan, Hikari, Hlavin \u2013 originaalkosmeetikat. Pakume kvaliteetseid hooldustooteid taskukohaste hindadega ja kiire kohaletoimetamisega \u00fcle Eesti. Nahahooldus pole kunagi olnud nii lihtne ja soodne!\",\"email\":\"dolores@dolores.ee\",\"telephone\":\"372 644 2440\",\"legalName\":\"Dolores O\u00dc\",\"foundingDate\":\"1998-02-09\",\"vatID\":\"EE100050280\",\"numberOfEmployees\":{\"@type\":\"QuantitativeValue\",\"minValue\":\"11\",\"maxValue\":\"50\"}}]}<\/script>\n<!-- \/ Yoast SEO Premium plugin. -->","yoast_head_json":{"title":"HIKARI Fountain Of Youth Morning Secret 50 ml ~ Dolores","robots":{"index":"index","follow":"follow","max-snippet":"max-snippet:-1","max-image-preview":"max-image-preview:large","max-video-preview":"max-video-preview:-1"},"canonical":"https:\/\/dolores.ee\/lv\/product\/hikari-fountain-of-youth-morning-secret-50-ml\/","og_locale":"lv_LV","og_type":"article","og_title":"HIKARI Fountain Of Youth Morning Secret 50 ml","og_description":"HIKARI Fountain Of Youth Morning Secret","og_url":"https:\/\/dolores.ee\/lv\/product\/hikari-fountain-of-youth-morning-secret-50-ml\/","og_site_name":"Dolores","article_publisher":"https:\/\/www.facebook.com\/doloresepood\/","article_modified_time":"2025-07-01T08:06:04+00:00","og_image":[{"width":1200,"height":675,"url":"https:\/\/dolores.ee\/wp-content\/uploads\/2025\/05\/seo.jpg","type":"image\/jpeg"}],"twitter_card":"summary_large_image","twitter_misc":{"Est. reading time":"2 minutes"},"schema":{"@context":"https:\/\/schema.org","@graph":[{"@type":"WebPage","@id":"https:\/\/dolores.ee\/lv\/product\/hikari-fountain-of-youth-morning-secret-50-ml\/","url":"https:\/\/dolores.ee\/lv\/product\/hikari-fountain-of-youth-morning-secret-50-ml\/","name":"HIKARI Fountain Of Youth Morning Secret 50 ml ~ Dolores","isPartOf":{"@id":"https:\/\/dolores.ee\/lv\/#website"},"primaryImageOfPage":{"@id":"https:\/\/dolores.ee\/lv\/product\/hikari-fountain-of-youth-morning-secret-50-ml\/#primaryimage"},"image":{"@id":"https:\/\/dolores.ee\/lv\/product\/hikari-fountain-of-youth-morning-secret-50-ml\/#primaryimage"},"thumbnailUrl":"https:\/\/dolores.ee\/wp-content\/uploads\/2020\/08\/imgal_1_15816.webp","datePublished":"2020-08-13T06:40:25+00:00","dateModified":"2025-07-01T08:06:04+00:00","breadcrumb":{"@id":"https:\/\/dolores.ee\/lv\/product\/hikari-fountain-of-youth-morning-secret-50-ml\/#breadcrumb"},"inLanguage":"lv-LV","potentialAction":[{"@type":"ReadAction","target":["https:\/\/dolores.ee\/lv\/product\/hikari-fountain-of-youth-morning-secret-50-ml\/"]}]},{"@type":"ImageObject","inLanguage":"lv-LV","@id":"https:\/\/dolores.ee\/lv\/product\/hikari-fountain-of-youth-morning-secret-50-ml\/#primaryimage","url":"https:\/\/dolores.ee\/wp-content\/uploads\/2020\/08\/imgal_1_15816.webp","contentUrl":"https:\/\/dolores.ee\/wp-content\/uploads\/2020\/08\/imgal_1_15816.webp","width":900,"height":900},{"@type":"BreadcrumbList","@id":"https:\/\/dolores.ee\/lv\/product\/hikari-fountain-of-youth-morning-secret-50-ml\/#breadcrumb","itemListElement":[{"@type":"ListItem","position":1,"name":"Home","item":"https:\/\/dolores.ee\/lv\/"},{"@type":"ListItem","position":2,"name":"E-veikals","item":"https:\/\/dolores.ee\/lv\/e-veikals\/"},{"@type":"ListItem","position":3,"name":"HIKARI Fountain Of Youth Morning Secret 50 ml"}]},{"@type":"WebSite","@id":"https:\/\/dolores.ee\/lv\/#website","url":"https:\/\/dolores.ee\/lv\/","name":"Dolores e-pood","description":"Beauty Shop","publisher":{"@id":"https:\/\/dolores.ee\/lv\/#organization"},"alternateName":"Dolores","potentialAction":[{"@type":"SearchAction","target":{"@type":"EntryPoint","urlTemplate":"https:\/\/dolores.ee\/lv\/?s={search_term_string}"},"query-input":{"@type":"PropertyValueSpecification","valueRequired":true,"valueName":"search_term_string"}}],"inLanguage":"lv-LV"},{"@type":"Organization","@id":"https:\/\/dolores.ee\/lv\/#organization","name":"Dolores O\u00dc","alternateName":"Dolores e-pood","url":"https:\/\/dolores.ee\/lv\/","logo":{"@type":"ImageObject","inLanguage":"lv-LV","@id":"https:\/\/dolores.ee\/lv\/#\/schema\/logo\/image\/","url":"https:\/\/dolores.ee\/wp-content\/uploads\/2025\/04\/logo-1.jpg","contentUrl":"https:\/\/dolores.ee\/wp-content\/uploads\/2025\/04\/logo-1.jpg","width":1951,"height":660,"caption":"Dolores O\u00dc"},"image":{"@id":"https:\/\/dolores.ee\/lv\/#\/schema\/logo\/image\/"},"sameAs":["https:\/\/www.facebook.com\/doloresepood\/"],"description":"Dolores.ee on kaasaegne veebipood, kust leiad tuntud kaubam\u00e4rkide \u2013 GIGI, Anna Lotan, Hikari, Hlavin \u2013 originaalkosmeetikat. Pakume kvaliteetseid hooldustooteid taskukohaste hindadega ja kiire kohaletoimetamisega \u00fcle Eesti. Nahahooldus pole kunagi olnud nii lihtne ja soodne!","email":"dolores@dolores.ee","telephone":"372 644 2440","legalName":"Dolores O\u00dc","foundingDate":"1998-02-09","vatID":"EE100050280","numberOfEmployees":{"@type":"QuantitativeValue","minValue":"11","maxValue":"50"}}]}},"_links":{"self":[{"href":"https:\/\/dolores.ee\/lv\/wp-json\/wp\/v2\/product\/998503","targetHints":{"allow":["GET"]}}],"collection":[{"href":"https:\/\/dolores.ee\/lv\/wp-json\/wp\/v2\/product"}],"about":[{"href":"https:\/\/dolores.ee\/lv\/wp-json\/wp\/v2\/types\/product"}],"replies":[{"embeddable":true,"href":"https:\/\/dolores.ee\/lv\/wp-json\/wp\/v2\/comments?post=998503"}],"version-history":[{"count":0,"href":"https:\/\/dolores.ee\/lv\/wp-json\/wp\/v2\/product\/998503\/revisions"}],"wp:featuredmedia":[{"embeddable":true,"href":"https:\/\/dolores.ee\/lv\/wp-json\/wp\/v2\/media\/996947"}],"wp:attachment":[{"href":"https:\/\/dolores.ee\/lv\/wp-json\/wp\/v2\/media?parent=998503"}],"wp:term":[{"taxonomy":"product_brand","embeddable":true,"href":"https:\/\/dolores.ee\/lv\/wp-json\/wp\/v2\/product_brand?post=998503"},{"taxonomy":"product_cat","embeddable":true,"href":"https:\/\/dolores.ee\/lv\/wp-json\/wp\/v2\/product_cat?post=998503"},{"taxonomy":"product_tag","embeddable":true,"href":"https:\/\/dolores.ee\/lv\/wp-json\/wp\/v2\/product_tag?post=998503"},{"taxonomy":"giftcard-category","embeddable":true,"href":"https:\/\/dolores.ee\/lv\/wp-json\/wp\/v2\/giftcard-category?post=998503"}],"curies":[{"name":"wp","href":"https:\/\/api.w.org\/{rel}","templated":true}]}}