{"id":998510,"date":"2020-08-13T09:36:14","date_gmt":"2020-08-13T06:36:14","guid":{"rendered":"https:\/\/dolores.ee\/product\/anna-lotan-greens-efektivs-pretgrumbu-serums-50-ml\/"},"modified":"2025-07-01T11:06:04","modified_gmt":"2025-07-01T08:06:04","slug":"anna-lotan-greens-efektivs-pretgrumbu-serums-50-ml","status":"publish","type":"product","link":"https:\/\/dolores.ee\/lv\/product\/anna-lotan-greens-efektivs-pretgrumbu-serums-50-ml\/","title":{"rendered":"Anna Lotan Greens Efekt\u012bvs pretgrumbu serums 50 ml"},"content":{"rendered":"<div class=\"vgblk-rw-wrapper limit-wrapper\">\n<p data-start=\"32\" data-end=\"514\">Akt\u012bvs \u0101das izl\u012bdzino\u0161s savienojums ar trim jaun\u0101m pretgrumbu sast\u0101vda\u013c\u0101m: Acetilheksapept\u012bds-3 \u2013 kosm\u0113tiska alternat\u012bva injekcij\u0101m pret grumb\u0101m. Mioksinols \u2013 oligopept\u012bds, kas ieg\u016bts no dabiskajiem okras (Hibiscus Esculentus) s\u0113kl\u0101m. \u0160\u012b akt\u012bv\u0101 sast\u0101vda\u013ca \u012bslaic\u012bgi kav\u0113 sejas grimases grumbu veido\u0161anos, darbojas k\u0101 sp\u0113c\u012bgs antioksidants un nodro\u0161ina ilgsto\u0161u aizsardz\u012bbu pret br\u012bvajiem radik\u0101\u013ciem un biolo\u0123isko noveco\u0161anos.<\/p>\n<p data-start=\"516\" data-end=\"772\">Fosfolip\u012bds GLA \u2013 nodro\u0161ina galven\u0101s tauksk\u0101bes (\u012bpa\u0161i \u03b3-linol\u0113nsk\u0101bi), kas ieg\u016btas no borage (Borage) s\u0113kl\u0101m fosfolip\u012bdu form\u0101. Tie darbojas k\u0101 \u0161\u016bnu membr\u0101nu \u201eceltniec\u012bbas bloki\u201d, pastiprinot \u0101das aizsargbarjeru pret karstumu, meh\u0101nisko un \u0137\u012bmisko stresu.<\/p>\n<p data-start=\"774\" data-end=\"1409\"><strong data-start=\"774\" data-end=\"786\">Sast\u0101vs:<\/strong> <em>Aqua, Isononyl Isononaoate, Cyclopentasiloxane, Sodium Acrylate\/Acryloyldimethyltaurate Copolymer, Isohexadecane, Polysorbate 80, Glycerin, Butylene Glycol, Cucumber (Cucumis Sativus) Extract, Butylene Glycol, Lonicera Caprifolium Extract, Squalane, Acetyl Hexapeptide-8, Centella Asiatica Extract, Phenoxyethanol, Hydrolyzed Hibiscus Esculentus Extract, Dextrin, Isopropyl Myristate, Soybean Oil, Linoleic Acid, Tocopheryl Acetate, Retinyl Palmitate, Carthamus Tinctorius, Dipalmitoyl Hydroxyproline, Chlorphenesin, Caprylyl Glycol, Cetyl Phosphate, Sodium Hydroxide, Parfum, Hydroxyisohexyl 3-Cyclohexene Carboxaldehyde.<\/em><\/p>\n<\/div>\n<p><!-- .vgblk-rw-wrapper --><\/p>\n","protected":false},"excerpt":{"rendered":"<p>Anna Lotan Greens Efekt\u012bvs pretgrumbu serums 50 ml<\/p>\n","protected":false},"featured_media":1851,"comment_status":"open","ping_status":"closed","template":"","meta":[],"product_brand":[],"product_cat":[774,668,716,709,676,718,727],"product_tag":[],"giftcard-category":[],"class_list":{"0":"post-998510","1":"product","2":"type-product","3":"status-publish","4":"has-post-thumbnail","6":"product_cat-bf2025-lv","7":"product_cat-greens-lv","8":"product_cat-mitrinosi-produkti","9":"product_cat-populari-produkti","10":"product_cat-sale-lv","11":"product_cat-sejas-kopsana","12":"product_cat-serumi-ellas","14":"first","15":"instock","16":"taxable","17":"shipping-taxable","18":"purchasable","19":"product-type-simple"},"yoast_head":"<!-- This site is optimized with the Yoast SEO Premium plugin v25.1 (Yoast SEO v25.7) - https:\/\/yoast.com\/wordpress\/plugins\/seo\/ -->\n<title>Anna Lotan Greens Efekt\u012bvs pretgrumbu serums 50 ml ~ Dolores<\/title>\n<meta name=\"robots\" content=\"index, follow, max-snippet:-1, max-image-preview:large, max-video-preview:-1\" \/>\n<link rel=\"canonical\" href=\"https:\/\/dolores.ee\/lv\/product\/anna-lotan-greens-efektivs-pretgrumbu-serums-50-ml\/\" \/>\n<meta property=\"og:locale\" content=\"lv_LV\" \/>\n<meta property=\"og:type\" content=\"article\" \/>\n<meta property=\"og:title\" content=\"Anna Lotan Greens Efekt\u012bvs pretgrumbu serums 50 ml\" \/>\n<meta property=\"og:description\" content=\"Anna Lotan Greens Efekt\u012bvs pretgrumbu serums 50 ml\" \/>\n<meta property=\"og:url\" content=\"https:\/\/dolores.ee\/lv\/product\/anna-lotan-greens-efektivs-pretgrumbu-serums-50-ml\/\" \/>\n<meta property=\"og:site_name\" content=\"Dolores\" \/>\n<meta property=\"article:publisher\" content=\"https:\/\/www.facebook.com\/doloresepood\/\" \/>\n<meta property=\"article:modified_time\" content=\"2025-07-01T08:06:04+00:00\" \/>\n<meta property=\"og:image\" content=\"https:\/\/dolores.ee\/wp-content\/uploads\/2025\/05\/seo.jpg\" \/>\n\t<meta property=\"og:image:width\" content=\"1200\" \/>\n\t<meta property=\"og:image:height\" content=\"675\" \/>\n\t<meta property=\"og:image:type\" content=\"image\/jpeg\" \/>\n<meta name=\"twitter:card\" content=\"summary_large_image\" \/>\n<meta name=\"twitter:label1\" content=\"Est. reading time\" \/>\n\t<meta name=\"twitter:data1\" content=\"1 minute\" \/>\n<script type=\"application\/ld+json\" class=\"yoast-schema-graph\">{\"@context\":\"https:\/\/schema.org\",\"@graph\":[{\"@type\":\"WebPage\",\"@id\":\"https:\/\/dolores.ee\/lv\/product\/anna-lotan-greens-efektivs-pretgrumbu-serums-50-ml\/\",\"url\":\"https:\/\/dolores.ee\/lv\/product\/anna-lotan-greens-efektivs-pretgrumbu-serums-50-ml\/\",\"name\":\"Anna Lotan Greens Efekt\u012bvs pretgrumbu serums 50 ml ~ Dolores\",\"isPartOf\":{\"@id\":\"https:\/\/dolores.ee\/lv\/#website\"},\"primaryImageOfPage\":{\"@id\":\"https:\/\/dolores.ee\/lv\/product\/anna-lotan-greens-efektivs-pretgrumbu-serums-50-ml\/#primaryimage\"},\"image\":{\"@id\":\"https:\/\/dolores.ee\/lv\/product\/anna-lotan-greens-efektivs-pretgrumbu-serums-50-ml\/#primaryimage\"},\"thumbnailUrl\":\"https:\/\/dolores.ee\/wp-content\/uploads\/2020\/08\/402a_Vital_Lifting_Fluid_50ml-scaled.jpg\",\"datePublished\":\"2020-08-13T06:36:14+00:00\",\"dateModified\":\"2025-07-01T08:06:04+00:00\",\"breadcrumb\":{\"@id\":\"https:\/\/dolores.ee\/lv\/product\/anna-lotan-greens-efektivs-pretgrumbu-serums-50-ml\/#breadcrumb\"},\"inLanguage\":\"lv-LV\",\"potentialAction\":[{\"@type\":\"ReadAction\",\"target\":[\"https:\/\/dolores.ee\/lv\/product\/anna-lotan-greens-efektivs-pretgrumbu-serums-50-ml\/\"]}]},{\"@type\":\"ImageObject\",\"inLanguage\":\"lv-LV\",\"@id\":\"https:\/\/dolores.ee\/lv\/product\/anna-lotan-greens-efektivs-pretgrumbu-serums-50-ml\/#primaryimage\",\"url\":\"https:\/\/dolores.ee\/wp-content\/uploads\/2020\/08\/402a_Vital_Lifting_Fluid_50ml-scaled.jpg\",\"contentUrl\":\"https:\/\/dolores.ee\/wp-content\/uploads\/2020\/08\/402a_Vital_Lifting_Fluid_50ml-scaled.jpg\",\"width\":1082,\"height\":1920},{\"@type\":\"BreadcrumbList\",\"@id\":\"https:\/\/dolores.ee\/lv\/product\/anna-lotan-greens-efektivs-pretgrumbu-serums-50-ml\/#breadcrumb\",\"itemListElement\":[{\"@type\":\"ListItem\",\"position\":1,\"name\":\"Home\",\"item\":\"https:\/\/dolores.ee\/lv\/\"},{\"@type\":\"ListItem\",\"position\":2,\"name\":\"E-veikals\",\"item\":\"https:\/\/dolores.ee\/lv\/e-veikals\/\"},{\"@type\":\"ListItem\",\"position\":3,\"name\":\"Anna Lotan Greens Efekt\u012bvs pretgrumbu serums 50 ml\"}]},{\"@type\":\"WebSite\",\"@id\":\"https:\/\/dolores.ee\/lv\/#website\",\"url\":\"https:\/\/dolores.ee\/lv\/\",\"name\":\"Dolores e-pood\",\"description\":\"Beauty Shop\",\"publisher\":{\"@id\":\"https:\/\/dolores.ee\/lv\/#organization\"},\"alternateName\":\"Dolores\",\"potentialAction\":[{\"@type\":\"SearchAction\",\"target\":{\"@type\":\"EntryPoint\",\"urlTemplate\":\"https:\/\/dolores.ee\/lv\/?s={search_term_string}\"},\"query-input\":{\"@type\":\"PropertyValueSpecification\",\"valueRequired\":true,\"valueName\":\"search_term_string\"}}],\"inLanguage\":\"lv-LV\"},{\"@type\":\"Organization\",\"@id\":\"https:\/\/dolores.ee\/lv\/#organization\",\"name\":\"Dolores O\u00dc\",\"alternateName\":\"Dolores e-pood\",\"url\":\"https:\/\/dolores.ee\/lv\/\",\"logo\":{\"@type\":\"ImageObject\",\"inLanguage\":\"lv-LV\",\"@id\":\"https:\/\/dolores.ee\/lv\/#\/schema\/logo\/image\/\",\"url\":\"https:\/\/dolores.ee\/wp-content\/uploads\/2025\/04\/logo-1.jpg\",\"contentUrl\":\"https:\/\/dolores.ee\/wp-content\/uploads\/2025\/04\/logo-1.jpg\",\"width\":1951,\"height\":660,\"caption\":\"Dolores O\u00dc\"},\"image\":{\"@id\":\"https:\/\/dolores.ee\/lv\/#\/schema\/logo\/image\/\"},\"sameAs\":[\"https:\/\/www.facebook.com\/doloresepood\/\"],\"description\":\"Dolores.ee on kaasaegne veebipood, kust leiad tuntud kaubam\u00e4rkide \u2013 GIGI, Anna Lotan, Hikari, Hlavin \u2013 originaalkosmeetikat. Pakume kvaliteetseid hooldustooteid taskukohaste hindadega ja kiire kohaletoimetamisega \u00fcle Eesti. Nahahooldus pole kunagi olnud nii lihtne ja soodne!\",\"email\":\"dolores@dolores.ee\",\"telephone\":\"372 644 2440\",\"legalName\":\"Dolores O\u00dc\",\"foundingDate\":\"1998-02-09\",\"vatID\":\"EE100050280\",\"numberOfEmployees\":{\"@type\":\"QuantitativeValue\",\"minValue\":\"11\",\"maxValue\":\"50\"}}]}<\/script>\n<!-- \/ Yoast SEO Premium plugin. -->","yoast_head_json":{"title":"Anna Lotan Greens Efekt\u012bvs pretgrumbu serums 50 ml ~ Dolores","robots":{"index":"index","follow":"follow","max-snippet":"max-snippet:-1","max-image-preview":"max-image-preview:large","max-video-preview":"max-video-preview:-1"},"canonical":"https:\/\/dolores.ee\/lv\/product\/anna-lotan-greens-efektivs-pretgrumbu-serums-50-ml\/","og_locale":"lv_LV","og_type":"article","og_title":"Anna Lotan Greens Efekt\u012bvs pretgrumbu serums 50 ml","og_description":"Anna Lotan Greens Efekt\u012bvs pretgrumbu serums 50 ml","og_url":"https:\/\/dolores.ee\/lv\/product\/anna-lotan-greens-efektivs-pretgrumbu-serums-50-ml\/","og_site_name":"Dolores","article_publisher":"https:\/\/www.facebook.com\/doloresepood\/","article_modified_time":"2025-07-01T08:06:04+00:00","og_image":[{"width":1200,"height":675,"url":"https:\/\/dolores.ee\/wp-content\/uploads\/2025\/05\/seo.jpg","type":"image\/jpeg"}],"twitter_card":"summary_large_image","twitter_misc":{"Est. reading time":"1 minute"},"schema":{"@context":"https:\/\/schema.org","@graph":[{"@type":"WebPage","@id":"https:\/\/dolores.ee\/lv\/product\/anna-lotan-greens-efektivs-pretgrumbu-serums-50-ml\/","url":"https:\/\/dolores.ee\/lv\/product\/anna-lotan-greens-efektivs-pretgrumbu-serums-50-ml\/","name":"Anna Lotan Greens Efekt\u012bvs pretgrumbu serums 50 ml ~ Dolores","isPartOf":{"@id":"https:\/\/dolores.ee\/lv\/#website"},"primaryImageOfPage":{"@id":"https:\/\/dolores.ee\/lv\/product\/anna-lotan-greens-efektivs-pretgrumbu-serums-50-ml\/#primaryimage"},"image":{"@id":"https:\/\/dolores.ee\/lv\/product\/anna-lotan-greens-efektivs-pretgrumbu-serums-50-ml\/#primaryimage"},"thumbnailUrl":"https:\/\/dolores.ee\/wp-content\/uploads\/2020\/08\/402a_Vital_Lifting_Fluid_50ml-scaled.jpg","datePublished":"2020-08-13T06:36:14+00:00","dateModified":"2025-07-01T08:06:04+00:00","breadcrumb":{"@id":"https:\/\/dolores.ee\/lv\/product\/anna-lotan-greens-efektivs-pretgrumbu-serums-50-ml\/#breadcrumb"},"inLanguage":"lv-LV","potentialAction":[{"@type":"ReadAction","target":["https:\/\/dolores.ee\/lv\/product\/anna-lotan-greens-efektivs-pretgrumbu-serums-50-ml\/"]}]},{"@type":"ImageObject","inLanguage":"lv-LV","@id":"https:\/\/dolores.ee\/lv\/product\/anna-lotan-greens-efektivs-pretgrumbu-serums-50-ml\/#primaryimage","url":"https:\/\/dolores.ee\/wp-content\/uploads\/2020\/08\/402a_Vital_Lifting_Fluid_50ml-scaled.jpg","contentUrl":"https:\/\/dolores.ee\/wp-content\/uploads\/2020\/08\/402a_Vital_Lifting_Fluid_50ml-scaled.jpg","width":1082,"height":1920},{"@type":"BreadcrumbList","@id":"https:\/\/dolores.ee\/lv\/product\/anna-lotan-greens-efektivs-pretgrumbu-serums-50-ml\/#breadcrumb","itemListElement":[{"@type":"ListItem","position":1,"name":"Home","item":"https:\/\/dolores.ee\/lv\/"},{"@type":"ListItem","position":2,"name":"E-veikals","item":"https:\/\/dolores.ee\/lv\/e-veikals\/"},{"@type":"ListItem","position":3,"name":"Anna Lotan Greens Efekt\u012bvs pretgrumbu serums 50 ml"}]},{"@type":"WebSite","@id":"https:\/\/dolores.ee\/lv\/#website","url":"https:\/\/dolores.ee\/lv\/","name":"Dolores e-pood","description":"Beauty Shop","publisher":{"@id":"https:\/\/dolores.ee\/lv\/#organization"},"alternateName":"Dolores","potentialAction":[{"@type":"SearchAction","target":{"@type":"EntryPoint","urlTemplate":"https:\/\/dolores.ee\/lv\/?s={search_term_string}"},"query-input":{"@type":"PropertyValueSpecification","valueRequired":true,"valueName":"search_term_string"}}],"inLanguage":"lv-LV"},{"@type":"Organization","@id":"https:\/\/dolores.ee\/lv\/#organization","name":"Dolores O\u00dc","alternateName":"Dolores e-pood","url":"https:\/\/dolores.ee\/lv\/","logo":{"@type":"ImageObject","inLanguage":"lv-LV","@id":"https:\/\/dolores.ee\/lv\/#\/schema\/logo\/image\/","url":"https:\/\/dolores.ee\/wp-content\/uploads\/2025\/04\/logo-1.jpg","contentUrl":"https:\/\/dolores.ee\/wp-content\/uploads\/2025\/04\/logo-1.jpg","width":1951,"height":660,"caption":"Dolores O\u00dc"},"image":{"@id":"https:\/\/dolores.ee\/lv\/#\/schema\/logo\/image\/"},"sameAs":["https:\/\/www.facebook.com\/doloresepood\/"],"description":"Dolores.ee on kaasaegne veebipood, kust leiad tuntud kaubam\u00e4rkide \u2013 GIGI, Anna Lotan, Hikari, Hlavin \u2013 originaalkosmeetikat. Pakume kvaliteetseid hooldustooteid taskukohaste hindadega ja kiire kohaletoimetamisega \u00fcle Eesti. Nahahooldus pole kunagi olnud nii lihtne ja soodne!","email":"dolores@dolores.ee","telephone":"372 644 2440","legalName":"Dolores O\u00dc","foundingDate":"1998-02-09","vatID":"EE100050280","numberOfEmployees":{"@type":"QuantitativeValue","minValue":"11","maxValue":"50"}}]}},"_links":{"self":[{"href":"https:\/\/dolores.ee\/lv\/wp-json\/wp\/v2\/product\/998510","targetHints":{"allow":["GET"]}}],"collection":[{"href":"https:\/\/dolores.ee\/lv\/wp-json\/wp\/v2\/product"}],"about":[{"href":"https:\/\/dolores.ee\/lv\/wp-json\/wp\/v2\/types\/product"}],"replies":[{"embeddable":true,"href":"https:\/\/dolores.ee\/lv\/wp-json\/wp\/v2\/comments?post=998510"}],"version-history":[{"count":0,"href":"https:\/\/dolores.ee\/lv\/wp-json\/wp\/v2\/product\/998510\/revisions"}],"wp:featuredmedia":[{"embeddable":true,"href":"https:\/\/dolores.ee\/lv\/wp-json\/wp\/v2\/media\/1851"}],"wp:attachment":[{"href":"https:\/\/dolores.ee\/lv\/wp-json\/wp\/v2\/media?parent=998510"}],"wp:term":[{"taxonomy":"product_brand","embeddable":true,"href":"https:\/\/dolores.ee\/lv\/wp-json\/wp\/v2\/product_brand?post=998510"},{"taxonomy":"product_cat","embeddable":true,"href":"https:\/\/dolores.ee\/lv\/wp-json\/wp\/v2\/product_cat?post=998510"},{"taxonomy":"product_tag","embeddable":true,"href":"https:\/\/dolores.ee\/lv\/wp-json\/wp\/v2\/product_tag?post=998510"},{"taxonomy":"giftcard-category","embeddable":true,"href":"https:\/\/dolores.ee\/lv\/wp-json\/wp\/v2\/giftcard-category?post=998510"}],"curies":[{"name":"wp","href":"https:\/\/api.w.org\/{rel}","templated":true}]}}