{"id":998518,"date":"2020-08-13T09:34:49","date_gmt":"2020-08-13T06:34:49","guid":{"rendered":"https:\/\/dolores.ee\/product\/anna-lotan-barbados-nomierinoss-nenoskalojamais-kondicionieris-galvas-adai-un-matiem-200-ml\/"},"modified":"2025-07-01T11:06:04","modified_gmt":"2025-07-01T08:06:04","slug":"anna-lotan-barbados-nomierinoss-nenoskalojamais-kondicionieris-galvas-adai-un-matiem-200-ml","status":"publish","type":"product","link":"https:\/\/dolores.ee\/lv\/product\/anna-lotan-barbados-nomierinoss-nenoskalojamais-kondicionieris-galvas-adai-un-matiem-200-ml\/","title":{"rendered":"Anna Lotan Barbados nomierino\u0161s nenoskalojamais kondicionieris galvas \u0101dai un matiem 200 ml"},"content":{"rendered":"<div class=\"vgblk-rw-wrapper limit-wrapper\">\n<p data-start=\"176\" data-end=\"469\">Maigs kr\u0113mveida gels, kas paredz\u0113ts galvas \u0101dai un matiem. Satur bag\u0101t\u012bgu augu ekstraktu kompleksu (aloe vera, za\u013c\u0101 t\u0113ja, kaprifolija, koku s\u016bna), kas mitrina, m\u012bkstina un uzlabo galvas \u0101das st\u0101vokli. Pie\u0161\u0137ir matiem mirdzumu, nepadarot tos taukainus, k\u0101 ar\u012b pal\u012bdz atjaunot boj\u0101tus matu galus.<\/p>\n<p data-start=\"471\" data-end=\"673\">Parab\u0113nus nesaturo\u0161s, \u0101das draudz\u012bgs sast\u0101vs ar akt\u012bvi mitrino\u0161o glukonolaktonu, kaprifolijas ziedu ekstraktu, antioksidantiem (za\u013c\u0101 t\u0113ja un E vitam\u012bns), barojo\u0161o B5 vitam\u012bnu un silikona mikropilieniem.<\/p>\n<p data-start=\"675\" data-end=\"766\">Piem\u0113rots visiem matu tipiem, \u012bpa\u0161i kairin\u0101tas, aps\u0101rtu\u0161as vai sausas galvas \u0101das gad\u012bjum\u0101.<\/p>\n<p data-start=\"768\" data-end=\"883\"><strong data-start=\"768\" data-end=\"782\">Lieto\u0161ana:<\/strong> Uzkl\u0101t uz mitriem matiem p\u0113c mazg\u0101\u0161anas vai lietot atsevi\u0161\u0137i ar\u012b uz sausiem matiem. Nav j\u0101izskalo.<\/p>\n<p data-start=\"885\" data-end=\"899\">Hipoaler\u0123isks.<\/p>\n<\/div>\n<p><!-- .vgblk-rw-wrapper --><\/p>\n","protected":false},"excerpt":{"rendered":"<p>Anna Lotan Barbados nomierino\u0161s nenoskalojamais kondicionieris galvas \u0101dai un matiem 200 ml<\/p>\n","protected":false},"featured_media":998519,"comment_status":"open","ping_status":"closed","template":"","meta":[],"product_brand":[],"product_cat":[660,662,694,693,692,676],"product_tag":[],"giftcard-category":[],"class_list":{"0":"post-998518","1":"product","2":"type-product","3":"status-publish","4":"has-post-thumbnail","6":"product_cat-anna-lotan-lv","7":"product_cat-barbados-lv","8":"product_cat-galvas-adas-kopsana","9":"product_cat-kondicionieri","10":"product_cat-matu-kopsana","11":"product_cat-sale-lv","13":"first","14":"instock","15":"taxable","16":"shipping-taxable","17":"purchasable","18":"product-type-simple"},"yoast_head":"<!-- This site is optimized with the Yoast SEO Premium plugin v25.1 (Yoast SEO v25.7) - https:\/\/yoast.com\/wordpress\/plugins\/seo\/ -->\n<title>Anna Lotan Barbados nomierino\u0161s nenoskalojamais kondicionieris galvas \u0101dai un matiem 200 ml ~ Dolores<\/title>\n<meta name=\"robots\" content=\"index, follow, max-snippet:-1, max-image-preview:large, max-video-preview:-1\" \/>\n<link rel=\"canonical\" href=\"https:\/\/dolores.ee\/lv\/product\/anna-lotan-barbados-nomierinoss-nenoskalojamais-kondicionieris-galvas-adai-un-matiem-200-ml\/\" \/>\n<meta property=\"og:locale\" content=\"lv_LV\" \/>\n<meta property=\"og:type\" content=\"article\" \/>\n<meta property=\"og:title\" content=\"Anna Lotan Barbados nomierino\u0161s nenoskalojamais kondicionieris galvas \u0101dai un matiem 200 ml\" \/>\n<meta property=\"og:description\" content=\"Anna Lotan Barbados nomierino\u0161s nenoskalojamais kondicionieris galvas \u0101dai un matiem 200 ml\" \/>\n<meta property=\"og:url\" content=\"https:\/\/dolores.ee\/lv\/product\/anna-lotan-barbados-nomierinoss-nenoskalojamais-kondicionieris-galvas-adai-un-matiem-200-ml\/\" \/>\n<meta property=\"og:site_name\" content=\"Dolores\" \/>\n<meta property=\"article:publisher\" content=\"https:\/\/www.facebook.com\/doloresepood\/\" \/>\n<meta property=\"article:modified_time\" content=\"2025-07-01T08:06:04+00:00\" \/>\n<meta property=\"og:image\" content=\"https:\/\/dolores.ee\/wp-content\/uploads\/2020\/08\/066a_Scalp_Soothing_Leave_On_Conditioner_200ml_DISCONTINUED-scaled.jpg\" \/>\n\t<meta property=\"og:image:width\" content=\"881\" \/>\n\t<meta property=\"og:image:height\" content=\"1920\" \/>\n\t<meta property=\"og:image:type\" content=\"image\/jpeg\" \/>\n<meta name=\"twitter:card\" content=\"summary_large_image\" \/>\n<meta name=\"twitter:label1\" content=\"Est. reading time\" \/>\n\t<meta name=\"twitter:data1\" content=\"1 minute\" \/>\n<script type=\"application\/ld+json\" class=\"yoast-schema-graph\">{\"@context\":\"https:\/\/schema.org\",\"@graph\":[{\"@type\":\"WebPage\",\"@id\":\"https:\/\/dolores.ee\/lv\/product\/anna-lotan-barbados-nomierinoss-nenoskalojamais-kondicionieris-galvas-adai-un-matiem-200-ml\/\",\"url\":\"https:\/\/dolores.ee\/lv\/product\/anna-lotan-barbados-nomierinoss-nenoskalojamais-kondicionieris-galvas-adai-un-matiem-200-ml\/\",\"name\":\"Anna Lotan Barbados nomierino\u0161s nenoskalojamais kondicionieris galvas \u0101dai un matiem 200 ml ~ Dolores\",\"isPartOf\":{\"@id\":\"https:\/\/dolores.ee\/lv\/#website\"},\"primaryImageOfPage\":{\"@id\":\"https:\/\/dolores.ee\/lv\/product\/anna-lotan-barbados-nomierinoss-nenoskalojamais-kondicionieris-galvas-adai-un-matiem-200-ml\/#primaryimage\"},\"image\":{\"@id\":\"https:\/\/dolores.ee\/lv\/product\/anna-lotan-barbados-nomierinoss-nenoskalojamais-kondicionieris-galvas-adai-un-matiem-200-ml\/#primaryimage\"},\"thumbnailUrl\":\"https:\/\/dolores.ee\/wp-content\/uploads\/2020\/08\/066a_Scalp_Soothing_Leave_On_Conditioner_200ml_DISCONTINUED-scaled.jpg\",\"datePublished\":\"2020-08-13T06:34:49+00:00\",\"dateModified\":\"2025-07-01T08:06:04+00:00\",\"breadcrumb\":{\"@id\":\"https:\/\/dolores.ee\/lv\/product\/anna-lotan-barbados-nomierinoss-nenoskalojamais-kondicionieris-galvas-adai-un-matiem-200-ml\/#breadcrumb\"},\"inLanguage\":\"lv-LV\",\"potentialAction\":[{\"@type\":\"ReadAction\",\"target\":[\"https:\/\/dolores.ee\/lv\/product\/anna-lotan-barbados-nomierinoss-nenoskalojamais-kondicionieris-galvas-adai-un-matiem-200-ml\/\"]}]},{\"@type\":\"ImageObject\",\"inLanguage\":\"lv-LV\",\"@id\":\"https:\/\/dolores.ee\/lv\/product\/anna-lotan-barbados-nomierinoss-nenoskalojamais-kondicionieris-galvas-adai-un-matiem-200-ml\/#primaryimage\",\"url\":\"https:\/\/dolores.ee\/wp-content\/uploads\/2020\/08\/066a_Scalp_Soothing_Leave_On_Conditioner_200ml_DISCONTINUED-scaled.jpg\",\"contentUrl\":\"https:\/\/dolores.ee\/wp-content\/uploads\/2020\/08\/066a_Scalp_Soothing_Leave_On_Conditioner_200ml_DISCONTINUED-scaled.jpg\",\"width\":881,\"height\":1920},{\"@type\":\"BreadcrumbList\",\"@id\":\"https:\/\/dolores.ee\/lv\/product\/anna-lotan-barbados-nomierinoss-nenoskalojamais-kondicionieris-galvas-adai-un-matiem-200-ml\/#breadcrumb\",\"itemListElement\":[{\"@type\":\"ListItem\",\"position\":1,\"name\":\"Home\",\"item\":\"https:\/\/dolores.ee\/lv\/\"},{\"@type\":\"ListItem\",\"position\":2,\"name\":\"E-veikals\",\"item\":\"https:\/\/dolores.ee\/lv\/e-veikals\/\"},{\"@type\":\"ListItem\",\"position\":3,\"name\":\"Anna Lotan Barbados nomierino\u0161s nenoskalojamais kondicionieris galvas \u0101dai un matiem 200 ml\"}]},{\"@type\":\"WebSite\",\"@id\":\"https:\/\/dolores.ee\/lv\/#website\",\"url\":\"https:\/\/dolores.ee\/lv\/\",\"name\":\"Dolores e-pood\",\"description\":\"Beauty Shop\",\"publisher\":{\"@id\":\"https:\/\/dolores.ee\/lv\/#organization\"},\"alternateName\":\"Dolores\",\"potentialAction\":[{\"@type\":\"SearchAction\",\"target\":{\"@type\":\"EntryPoint\",\"urlTemplate\":\"https:\/\/dolores.ee\/lv\/?s={search_term_string}\"},\"query-input\":{\"@type\":\"PropertyValueSpecification\",\"valueRequired\":true,\"valueName\":\"search_term_string\"}}],\"inLanguage\":\"lv-LV\"},{\"@type\":\"Organization\",\"@id\":\"https:\/\/dolores.ee\/lv\/#organization\",\"name\":\"Dolores O\u00dc\",\"alternateName\":\"Dolores e-pood\",\"url\":\"https:\/\/dolores.ee\/lv\/\",\"logo\":{\"@type\":\"ImageObject\",\"inLanguage\":\"lv-LV\",\"@id\":\"https:\/\/dolores.ee\/lv\/#\/schema\/logo\/image\/\",\"url\":\"https:\/\/dolores.ee\/wp-content\/uploads\/2025\/04\/logo-1.jpg\",\"contentUrl\":\"https:\/\/dolores.ee\/wp-content\/uploads\/2025\/04\/logo-1.jpg\",\"width\":1951,\"height\":660,\"caption\":\"Dolores O\u00dc\"},\"image\":{\"@id\":\"https:\/\/dolores.ee\/lv\/#\/schema\/logo\/image\/\"},\"sameAs\":[\"https:\/\/www.facebook.com\/doloresepood\/\"],\"description\":\"Dolores.ee on kaasaegne veebipood, kust leiad tuntud kaubam\u00e4rkide \u2013 GIGI, Anna Lotan, Hikari, Hlavin \u2013 originaalkosmeetikat. Pakume kvaliteetseid hooldustooteid taskukohaste hindadega ja kiire kohaletoimetamisega \u00fcle Eesti. Nahahooldus pole kunagi olnud nii lihtne ja soodne!\",\"email\":\"dolores@dolores.ee\",\"telephone\":\"372 644 2440\",\"legalName\":\"Dolores O\u00dc\",\"foundingDate\":\"1998-02-09\",\"vatID\":\"EE100050280\",\"numberOfEmployees\":{\"@type\":\"QuantitativeValue\",\"minValue\":\"11\",\"maxValue\":\"50\"}}]}<\/script>\n<!-- \/ Yoast SEO Premium plugin. -->","yoast_head_json":{"title":"Anna Lotan Barbados nomierino\u0161s nenoskalojamais kondicionieris galvas \u0101dai un matiem 200 ml ~ Dolores","robots":{"index":"index","follow":"follow","max-snippet":"max-snippet:-1","max-image-preview":"max-image-preview:large","max-video-preview":"max-video-preview:-1"},"canonical":"https:\/\/dolores.ee\/lv\/product\/anna-lotan-barbados-nomierinoss-nenoskalojamais-kondicionieris-galvas-adai-un-matiem-200-ml\/","og_locale":"lv_LV","og_type":"article","og_title":"Anna Lotan Barbados nomierino\u0161s nenoskalojamais kondicionieris galvas \u0101dai un matiem 200 ml","og_description":"Anna Lotan Barbados nomierino\u0161s nenoskalojamais kondicionieris galvas \u0101dai un matiem 200 ml","og_url":"https:\/\/dolores.ee\/lv\/product\/anna-lotan-barbados-nomierinoss-nenoskalojamais-kondicionieris-galvas-adai-un-matiem-200-ml\/","og_site_name":"Dolores","article_publisher":"https:\/\/www.facebook.com\/doloresepood\/","article_modified_time":"2025-07-01T08:06:04+00:00","og_image":[{"width":881,"height":1920,"url":"https:\/\/dolores.ee\/wp-content\/uploads\/2020\/08\/066a_Scalp_Soothing_Leave_On_Conditioner_200ml_DISCONTINUED-scaled.jpg","type":"image\/jpeg"}],"twitter_card":"summary_large_image","twitter_misc":{"Est. reading time":"1 minute"},"schema":{"@context":"https:\/\/schema.org","@graph":[{"@type":"WebPage","@id":"https:\/\/dolores.ee\/lv\/product\/anna-lotan-barbados-nomierinoss-nenoskalojamais-kondicionieris-galvas-adai-un-matiem-200-ml\/","url":"https:\/\/dolores.ee\/lv\/product\/anna-lotan-barbados-nomierinoss-nenoskalojamais-kondicionieris-galvas-adai-un-matiem-200-ml\/","name":"Anna Lotan Barbados nomierino\u0161s nenoskalojamais kondicionieris galvas \u0101dai un matiem 200 ml ~ Dolores","isPartOf":{"@id":"https:\/\/dolores.ee\/lv\/#website"},"primaryImageOfPage":{"@id":"https:\/\/dolores.ee\/lv\/product\/anna-lotan-barbados-nomierinoss-nenoskalojamais-kondicionieris-galvas-adai-un-matiem-200-ml\/#primaryimage"},"image":{"@id":"https:\/\/dolores.ee\/lv\/product\/anna-lotan-barbados-nomierinoss-nenoskalojamais-kondicionieris-galvas-adai-un-matiem-200-ml\/#primaryimage"},"thumbnailUrl":"https:\/\/dolores.ee\/wp-content\/uploads\/2020\/08\/066a_Scalp_Soothing_Leave_On_Conditioner_200ml_DISCONTINUED-scaled.jpg","datePublished":"2020-08-13T06:34:49+00:00","dateModified":"2025-07-01T08:06:04+00:00","breadcrumb":{"@id":"https:\/\/dolores.ee\/lv\/product\/anna-lotan-barbados-nomierinoss-nenoskalojamais-kondicionieris-galvas-adai-un-matiem-200-ml\/#breadcrumb"},"inLanguage":"lv-LV","potentialAction":[{"@type":"ReadAction","target":["https:\/\/dolores.ee\/lv\/product\/anna-lotan-barbados-nomierinoss-nenoskalojamais-kondicionieris-galvas-adai-un-matiem-200-ml\/"]}]},{"@type":"ImageObject","inLanguage":"lv-LV","@id":"https:\/\/dolores.ee\/lv\/product\/anna-lotan-barbados-nomierinoss-nenoskalojamais-kondicionieris-galvas-adai-un-matiem-200-ml\/#primaryimage","url":"https:\/\/dolores.ee\/wp-content\/uploads\/2020\/08\/066a_Scalp_Soothing_Leave_On_Conditioner_200ml_DISCONTINUED-scaled.jpg","contentUrl":"https:\/\/dolores.ee\/wp-content\/uploads\/2020\/08\/066a_Scalp_Soothing_Leave_On_Conditioner_200ml_DISCONTINUED-scaled.jpg","width":881,"height":1920},{"@type":"BreadcrumbList","@id":"https:\/\/dolores.ee\/lv\/product\/anna-lotan-barbados-nomierinoss-nenoskalojamais-kondicionieris-galvas-adai-un-matiem-200-ml\/#breadcrumb","itemListElement":[{"@type":"ListItem","position":1,"name":"Home","item":"https:\/\/dolores.ee\/lv\/"},{"@type":"ListItem","position":2,"name":"E-veikals","item":"https:\/\/dolores.ee\/lv\/e-veikals\/"},{"@type":"ListItem","position":3,"name":"Anna Lotan Barbados nomierino\u0161s nenoskalojamais kondicionieris galvas \u0101dai un matiem 200 ml"}]},{"@type":"WebSite","@id":"https:\/\/dolores.ee\/lv\/#website","url":"https:\/\/dolores.ee\/lv\/","name":"Dolores e-pood","description":"Beauty Shop","publisher":{"@id":"https:\/\/dolores.ee\/lv\/#organization"},"alternateName":"Dolores","potentialAction":[{"@type":"SearchAction","target":{"@type":"EntryPoint","urlTemplate":"https:\/\/dolores.ee\/lv\/?s={search_term_string}"},"query-input":{"@type":"PropertyValueSpecification","valueRequired":true,"valueName":"search_term_string"}}],"inLanguage":"lv-LV"},{"@type":"Organization","@id":"https:\/\/dolores.ee\/lv\/#organization","name":"Dolores O\u00dc","alternateName":"Dolores e-pood","url":"https:\/\/dolores.ee\/lv\/","logo":{"@type":"ImageObject","inLanguage":"lv-LV","@id":"https:\/\/dolores.ee\/lv\/#\/schema\/logo\/image\/","url":"https:\/\/dolores.ee\/wp-content\/uploads\/2025\/04\/logo-1.jpg","contentUrl":"https:\/\/dolores.ee\/wp-content\/uploads\/2025\/04\/logo-1.jpg","width":1951,"height":660,"caption":"Dolores O\u00dc"},"image":{"@id":"https:\/\/dolores.ee\/lv\/#\/schema\/logo\/image\/"},"sameAs":["https:\/\/www.facebook.com\/doloresepood\/"],"description":"Dolores.ee on kaasaegne veebipood, kust leiad tuntud kaubam\u00e4rkide \u2013 GIGI, Anna Lotan, Hikari, Hlavin \u2013 originaalkosmeetikat. Pakume kvaliteetseid hooldustooteid taskukohaste hindadega ja kiire kohaletoimetamisega \u00fcle Eesti. Nahahooldus pole kunagi olnud nii lihtne ja soodne!","email":"dolores@dolores.ee","telephone":"372 644 2440","legalName":"Dolores O\u00dc","foundingDate":"1998-02-09","vatID":"EE100050280","numberOfEmployees":{"@type":"QuantitativeValue","minValue":"11","maxValue":"50"}}]}},"_links":{"self":[{"href":"https:\/\/dolores.ee\/lv\/wp-json\/wp\/v2\/product\/998518","targetHints":{"allow":["GET"]}}],"collection":[{"href":"https:\/\/dolores.ee\/lv\/wp-json\/wp\/v2\/product"}],"about":[{"href":"https:\/\/dolores.ee\/lv\/wp-json\/wp\/v2\/types\/product"}],"replies":[{"embeddable":true,"href":"https:\/\/dolores.ee\/lv\/wp-json\/wp\/v2\/comments?post=998518"}],"version-history":[{"count":0,"href":"https:\/\/dolores.ee\/lv\/wp-json\/wp\/v2\/product\/998518\/revisions"}],"wp:featuredmedia":[{"embeddable":true,"href":"https:\/\/dolores.ee\/lv\/wp-json\/wp\/v2\/media\/998519"}],"wp:attachment":[{"href":"https:\/\/dolores.ee\/lv\/wp-json\/wp\/v2\/media?parent=998518"}],"wp:term":[{"taxonomy":"product_brand","embeddable":true,"href":"https:\/\/dolores.ee\/lv\/wp-json\/wp\/v2\/product_brand?post=998518"},{"taxonomy":"product_cat","embeddable":true,"href":"https:\/\/dolores.ee\/lv\/wp-json\/wp\/v2\/product_cat?post=998518"},{"taxonomy":"product_tag","embeddable":true,"href":"https:\/\/dolores.ee\/lv\/wp-json\/wp\/v2\/product_tag?post=998518"},{"taxonomy":"giftcard-category","embeddable":true,"href":"https:\/\/dolores.ee\/lv\/wp-json\/wp\/v2\/giftcard-category?post=998518"}],"curies":[{"name":"wp","href":"https:\/\/api.w.org\/{rel}","templated":true}]}}