{"id":996761,"date":"2025-03-18T12:40:09","date_gmt":"2025-03-18T10:48:48","guid":{"rendered":"https:\/\/dolores.ee\/?post_type=product&#038;p=996761"},"modified":"2025-07-01T10:53:25","modified_gmt":"2025-07-01T07:53:25","slug":"anna-lotan-clear-capparis-gel-deep-pore-cleanser-15-ml","status":"publish","type":"product","link":"https:\/\/dolores.ee\/ru\/product\/anna-lotan-clear-capparis-gel-deep-pore-cleanser-15-ml\/","title":{"rendered":"Anna Lotan Clear Capparis Gel Deep Pore Cleanser 15 ml"},"content":{"rendered":"<div class=\"vgblk-rw-wrapper limit-wrapper\">\u042d\u0442\u0430 \u0444\u043e\u0440\u043c\u0443\u043b\u0430 \u0438\u0434\u0435\u0430\u043b\u044c\u043d\u043e \u043f\u043e\u0434\u0445\u043e\u0434\u0438\u0442 \u0434\u043b\u044f \u043e\u0447\u0438\u0449\u0435\u043d\u0438\u044f \u043f\u043e\u0440 \u0436\u0438\u0440\u043d\u043e\u0439 \u043a\u043e\u0436\u0438 \u0438 \u044d\u0444\u0444\u0435\u043a\u0442\u0438\u0432\u043d\u043e \u0440\u0430\u0441\u0442\u0432\u043e\u0440\u044f\u0435\u0442 \u043e\u0441\u0442\u0430\u0442\u043a\u0438 \u043a\u043e\u0436\u043d\u043e\u0433\u043e \u0441\u0430\u043b\u0430.<\/p>\n<p>\u041c\u0430\u0441\u043b\u043e\u0440\u0430\u0441\u0442\u0432\u043e\u0440\u0438\u043c\u044b\u0435 CO\u2082-\u044d\u043a\u0441\u0442\u0440\u0430\u043a\u0442\u044b \u043f\u043e\u0447\u0435\u043a \u043a\u0430\u043f\u0435\u0440\u0441\u043e\u0432, \u0445\u043c\u0435\u043b\u044f, \u043c\u0438\u0440\u0440\u044b \u0438 \u043b\u0430\u0434\u0430\u043d\u0430, \u0438\u0437\u0432\u0435\u0441\u0442\u043d\u044b\u0435 \u0441\u0432\u043e\u0438\u043c\u0438 \u043f\u0440\u0435\u0432\u043e\u0441\u0445\u043e\u0434\u043d\u044b\u043c\u0438 \u043e\u0447\u0438\u0449\u0430\u044e\u0449\u0438\u043c\u0438 \u0441\u0432\u043e\u0439\u0441\u0442\u0432\u0430\u043c\u0438, \u0443\u0441\u0438\u043b\u0438\u0432\u0430\u044e\u0442 \u043f\u0440\u043e\u0442\u0438\u0432\u043e\u043c\u0438\u043a\u0440\u043e\u0431\u043d\u044b\u0439 \u044d\u0444\u0444\u0435\u043a\u0442.<\/p>\n<p>\u041f\u0440\u0438\u043c\u0435\u043d\u0435\u043d\u0438\u0435: \u0414\u043e\u0441\u0442\u0430\u0442\u043e\u0447\u043d\u043e \u043d\u0435\u0431\u043e\u043b\u044c\u0448\u043e\u0433\u043e \u043a\u043e\u043b\u0438\u0447\u0435\u0441\u0442\u0432\u0430 \u043f\u0440\u043e\u0434\u0443\u043a\u0442\u0430, \u043c\u0430\u0441\u0441\u0438\u0440\u0443\u044f \u0435\u0433\u043e \u043b\u043e\u043a\u0430\u043b\u044c\u043d\u043e \u043a\u0440\u0443\u0433\u043e\u0432\u044b\u043c\u0438 \u0434\u0432\u0438\u0436\u0435\u043d\u0438\u044f\u043c\u0438 \u043d\u0430 \u043a\u0430\u0436\u0434\u043e\u043c \u0437\u0430\u0433\u0440\u044f\u0437\u043d\u0435\u043d\u043d\u043e\u043c \u0443\u0447\u0430\u0441\u0442\u043a\u0435. \u041a\u0440\u0443\u0433\u043e\u0432\u043e\u0439 \u043c\u0430\u0441\u0441\u0430\u0436 \u0432\u044b\u043f\u043e\u043b\u043d\u044f\u0435\u0442\u0441\u044f, \u043d\u0435 \u043e\u0442\u0440\u044b\u0432\u0430\u044f \u043f\u0430\u043b\u044c\u0446\u0435\u0432 \u043e\u0442 \u043a\u043e\u0436\u0438. \u041f\u0440\u0435\u043f\u0430\u0440\u0430\u0442 \u0440\u0430\u0441\u0442\u0432\u043e\u0440\u044f\u0435\u0442 \u0437\u0430\u0441\u043e\u0445\u0448\u0438\u0435 \u043e\u0441\u0442\u0430\u0442\u043a\u0438 \u043a\u043e\u0436\u043d\u043e\u0433\u043e \u0441\u0430\u043b\u0430 \u0432 \u043f\u043e\u0440\u0430\u0445. \u041d\u0430\u043a\u043e\u043d\u0435\u0446, \u0441\u043c\u043e\u0439\u0442\u0435 \u0442\u0435\u043f\u043b\u043e\u0439 \u0432\u043e\u0434\u043e\u0439 \u0438 \u0430\u043a\u043a\u0443\u0440\u0430\u0442\u043d\u043e \u0432\u044b\u0441\u0443\u0448\u0438\u0442\u0435.<\/p>\n<p>Ingredients: Caprylic\/Capric Triglyceride, Vinifera Seed Oil, Glycerin, Polyglycery-5 Oleate, Tapioca Starch,<br \/>\nAqua (Water), Simmondsia Chinensis (Jojoba) Seed Oil, Maris Aqua (Sea Water), Cera Alba (Beeswax). Capparis Spinosa Fruit Extract, Glyceryl Dibehenate, Honey, Tribehenin, Glyceryl Behenate, Propolis Extr\u00e1ct, Boswellia Serrata Extract, Silica, Commiphora, Myrrha (Myrrh) Resin Extract, H\u00e9lianthus Annuus (Sunflower), Seed Oil, Tocopherol, Phenethy<br \/>\nAlcohol, Beta-S\u00edtosterol, Humulus Lupulus (Hops) Extract, Squalene, Caramel, Oct\u00fdldodecyl Myristate, Quercus Infectoria G\u00e1ll Extract.<\/p><\/div>\n<p><!-- .vgblk-rw-wrapper --><\/p>\n","protected":false},"excerpt":{"rendered":"<p>Anna Lotan Clear Capparis Gel Deep Pore Cleanser<\/p>\n","protected":false},"featured_media":996757,"comment_status":"closed","ping_status":"closed","template":"","meta":[],"product_brand":[],"product_cat":[74,337,124,86,94,136],"product_tag":[],"giftcard-category":[],"class_list":{"0":"post-996761","1":"product","2":"type-product","3":"status-publish","4":"has-post-thumbnail","6":"product_cat-anna-lotan-ru","7":"product_cat-clear-ru","8":"product_cat-124","9":"product_cat-86","10":"product_cat-94","11":"product_cat-136","13":"first","14":"instock","15":"taxable","16":"shipping-taxable","17":"purchasable","18":"product-type-simple"},"yoast_head":"<!-- This site is optimized with the Yoast SEO Premium plugin v25.1 (Yoast SEO v25.7) - https:\/\/yoast.com\/wordpress\/plugins\/seo\/ -->\n<title>Anna Lotan Clear Capparis Gel Deep Pore Cleanser 15 ml ~ Dolores<\/title>\n<meta name=\"robots\" content=\"index, follow, max-snippet:-1, max-image-preview:large, max-video-preview:-1\" \/>\n<link rel=\"canonical\" href=\"https:\/\/dolores.ee\/ru\/product\/anna-lotan-clear-capparis-gel-deep-pore-cleanser-15-ml\/\" \/>\n<meta property=\"og:locale\" content=\"ru_RU\" \/>\n<meta property=\"og:type\" content=\"article\" \/>\n<meta property=\"og:title\" content=\"Anna Lotan Clear Capparis Gel Deep Pore Cleanser 15 ml\" \/>\n<meta property=\"og:description\" content=\"Anna Lotan Clear Capparis Gel Deep Pore Cleanser\" \/>\n<meta property=\"og:url\" content=\"https:\/\/dolores.ee\/ru\/product\/anna-lotan-clear-capparis-gel-deep-pore-cleanser-15-ml\/\" \/>\n<meta property=\"og:site_name\" content=\"Dolores\" \/>\n<meta property=\"article:publisher\" content=\"https:\/\/www.facebook.com\/doloresepood\/\" \/>\n<meta property=\"article:modified_time\" content=\"2025-07-01T07:53:25+00:00\" \/>\n<meta property=\"og:image\" content=\"https:\/\/dolores.ee\/wp-content\/uploads\/2025\/03\/al10501-15.jpg\" \/>\n\t<meta property=\"og:image:width\" content=\"600\" \/>\n\t<meta property=\"og:image:height\" content=\"600\" \/>\n\t<meta property=\"og:image:type\" content=\"image\/jpeg\" \/>\n<meta name=\"twitter:card\" content=\"summary_large_image\" \/>\n<script type=\"application\/ld+json\" class=\"yoast-schema-graph\">{\"@context\":\"https:\/\/schema.org\",\"@graph\":[{\"@type\":\"WebPage\",\"@id\":\"https:\/\/dolores.ee\/ru\/product\/anna-lotan-clear-capparis-gel-deep-pore-cleanser-15-ml\/\",\"url\":\"https:\/\/dolores.ee\/ru\/product\/anna-lotan-clear-capparis-gel-deep-pore-cleanser-15-ml\/\",\"name\":\"Anna Lotan Clear Capparis Gel Deep Pore Cleanser 15 ml ~ Dolores\",\"isPartOf\":{\"@id\":\"https:\/\/dolores.ee\/ru\/#website\"},\"primaryImageOfPage\":{\"@id\":\"https:\/\/dolores.ee\/ru\/product\/anna-lotan-clear-capparis-gel-deep-pore-cleanser-15-ml\/#primaryimage\"},\"image\":{\"@id\":\"https:\/\/dolores.ee\/ru\/product\/anna-lotan-clear-capparis-gel-deep-pore-cleanser-15-ml\/#primaryimage\"},\"thumbnailUrl\":\"https:\/\/dolores.ee\/wp-content\/uploads\/2025\/03\/al10501-15.jpg\",\"datePublished\":\"2025-03-18T10:48:48+00:00\",\"dateModified\":\"2025-07-01T07:53:25+00:00\",\"breadcrumb\":{\"@id\":\"https:\/\/dolores.ee\/ru\/product\/anna-lotan-clear-capparis-gel-deep-pore-cleanser-15-ml\/#breadcrumb\"},\"inLanguage\":\"ru-RU\",\"potentialAction\":[{\"@type\":\"ReadAction\",\"target\":[\"https:\/\/dolores.ee\/ru\/product\/anna-lotan-clear-capparis-gel-deep-pore-cleanser-15-ml\/\"]}]},{\"@type\":\"ImageObject\",\"inLanguage\":\"ru-RU\",\"@id\":\"https:\/\/dolores.ee\/ru\/product\/anna-lotan-clear-capparis-gel-deep-pore-cleanser-15-ml\/#primaryimage\",\"url\":\"https:\/\/dolores.ee\/wp-content\/uploads\/2025\/03\/al10501-15.jpg\",\"contentUrl\":\"https:\/\/dolores.ee\/wp-content\/uploads\/2025\/03\/al10501-15.jpg\",\"width\":600,\"height\":600},{\"@type\":\"BreadcrumbList\",\"@id\":\"https:\/\/dolores.ee\/ru\/product\/anna-lotan-clear-capparis-gel-deep-pore-cleanser-15-ml\/#breadcrumb\",\"itemListElement\":[{\"@type\":\"ListItem\",\"position\":1,\"name\":\"Home\",\"item\":\"https:\/\/dolores.ee\/ru\/\"},{\"@type\":\"ListItem\",\"position\":2,\"name\":\"\u041a\u0430\u0442\u0430\u043b\u043e\u0433\",\"item\":\"https:\/\/dolores.ee\/ru\/katalog\/\"},{\"@type\":\"ListItem\",\"position\":3,\"name\":\"Anna Lotan Clear Capparis Gel Deep Pore Cleanser 15 ml\"}]},{\"@type\":\"WebSite\",\"@id\":\"https:\/\/dolores.ee\/ru\/#website\",\"url\":\"https:\/\/dolores.ee\/ru\/\",\"name\":\"Dolores e-pood\",\"description\":\"Beauty Shop\",\"publisher\":{\"@id\":\"https:\/\/dolores.ee\/ru\/#organization\"},\"alternateName\":\"Dolores\",\"potentialAction\":[{\"@type\":\"SearchAction\",\"target\":{\"@type\":\"EntryPoint\",\"urlTemplate\":\"https:\/\/dolores.ee\/ru\/?s={search_term_string}\"},\"query-input\":{\"@type\":\"PropertyValueSpecification\",\"valueRequired\":true,\"valueName\":\"search_term_string\"}}],\"inLanguage\":\"ru-RU\"},{\"@type\":\"Organization\",\"@id\":\"https:\/\/dolores.ee\/ru\/#organization\",\"name\":\"Dolores O\u00dc\",\"alternateName\":\"Dolores e-pood\",\"url\":\"https:\/\/dolores.ee\/ru\/\",\"logo\":{\"@type\":\"ImageObject\",\"inLanguage\":\"ru-RU\",\"@id\":\"https:\/\/dolores.ee\/ru\/#\/schema\/logo\/image\/\",\"url\":\"https:\/\/dolores.ee\/wp-content\/uploads\/2025\/04\/logo-1.jpg\",\"contentUrl\":\"https:\/\/dolores.ee\/wp-content\/uploads\/2025\/04\/logo-1.jpg\",\"width\":1951,\"height\":660,\"caption\":\"Dolores O\u00dc\"},\"image\":{\"@id\":\"https:\/\/dolores.ee\/ru\/#\/schema\/logo\/image\/\"},\"sameAs\":[\"https:\/\/www.facebook.com\/doloresepood\/\"],\"description\":\"Dolores.ee on kaasaegne veebipood, kust leiad tuntud kaubam\u00e4rkide \u2013 GIGI, Anna Lotan, Hikari, Hlavin \u2013 originaalkosmeetikat. Pakume kvaliteetseid hooldustooteid taskukohaste hindadega ja kiire kohaletoimetamisega \u00fcle Eesti. Nahahooldus pole kunagi olnud nii lihtne ja soodne!\",\"email\":\"dolores@dolores.ee\",\"telephone\":\"372 644 2440\",\"legalName\":\"Dolores O\u00dc\",\"foundingDate\":\"1998-02-09\",\"vatID\":\"EE100050280\",\"numberOfEmployees\":{\"@type\":\"QuantitativeValue\",\"minValue\":\"11\",\"maxValue\":\"50\"}}]}<\/script>\n<!-- \/ Yoast SEO Premium plugin. -->","yoast_head_json":{"title":"Anna Lotan Clear Capparis Gel Deep Pore Cleanser 15 ml ~ Dolores","robots":{"index":"index","follow":"follow","max-snippet":"max-snippet:-1","max-image-preview":"max-image-preview:large","max-video-preview":"max-video-preview:-1"},"canonical":"https:\/\/dolores.ee\/ru\/product\/anna-lotan-clear-capparis-gel-deep-pore-cleanser-15-ml\/","og_locale":"ru_RU","og_type":"article","og_title":"Anna Lotan Clear Capparis Gel Deep Pore Cleanser 15 ml","og_description":"Anna Lotan Clear Capparis Gel Deep Pore Cleanser","og_url":"https:\/\/dolores.ee\/ru\/product\/anna-lotan-clear-capparis-gel-deep-pore-cleanser-15-ml\/","og_site_name":"Dolores","article_publisher":"https:\/\/www.facebook.com\/doloresepood\/","article_modified_time":"2025-07-01T07:53:25+00:00","og_image":[{"width":600,"height":600,"url":"https:\/\/dolores.ee\/wp-content\/uploads\/2025\/03\/al10501-15.jpg","type":"image\/jpeg"}],"twitter_card":"summary_large_image","schema":{"@context":"https:\/\/schema.org","@graph":[{"@type":"WebPage","@id":"https:\/\/dolores.ee\/ru\/product\/anna-lotan-clear-capparis-gel-deep-pore-cleanser-15-ml\/","url":"https:\/\/dolores.ee\/ru\/product\/anna-lotan-clear-capparis-gel-deep-pore-cleanser-15-ml\/","name":"Anna Lotan Clear Capparis Gel Deep Pore Cleanser 15 ml ~ Dolores","isPartOf":{"@id":"https:\/\/dolores.ee\/ru\/#website"},"primaryImageOfPage":{"@id":"https:\/\/dolores.ee\/ru\/product\/anna-lotan-clear-capparis-gel-deep-pore-cleanser-15-ml\/#primaryimage"},"image":{"@id":"https:\/\/dolores.ee\/ru\/product\/anna-lotan-clear-capparis-gel-deep-pore-cleanser-15-ml\/#primaryimage"},"thumbnailUrl":"https:\/\/dolores.ee\/wp-content\/uploads\/2025\/03\/al10501-15.jpg","datePublished":"2025-03-18T10:48:48+00:00","dateModified":"2025-07-01T07:53:25+00:00","breadcrumb":{"@id":"https:\/\/dolores.ee\/ru\/product\/anna-lotan-clear-capparis-gel-deep-pore-cleanser-15-ml\/#breadcrumb"},"inLanguage":"ru-RU","potentialAction":[{"@type":"ReadAction","target":["https:\/\/dolores.ee\/ru\/product\/anna-lotan-clear-capparis-gel-deep-pore-cleanser-15-ml\/"]}]},{"@type":"ImageObject","inLanguage":"ru-RU","@id":"https:\/\/dolores.ee\/ru\/product\/anna-lotan-clear-capparis-gel-deep-pore-cleanser-15-ml\/#primaryimage","url":"https:\/\/dolores.ee\/wp-content\/uploads\/2025\/03\/al10501-15.jpg","contentUrl":"https:\/\/dolores.ee\/wp-content\/uploads\/2025\/03\/al10501-15.jpg","width":600,"height":600},{"@type":"BreadcrumbList","@id":"https:\/\/dolores.ee\/ru\/product\/anna-lotan-clear-capparis-gel-deep-pore-cleanser-15-ml\/#breadcrumb","itemListElement":[{"@type":"ListItem","position":1,"name":"Home","item":"https:\/\/dolores.ee\/ru\/"},{"@type":"ListItem","position":2,"name":"\u041a\u0430\u0442\u0430\u043b\u043e\u0433","item":"https:\/\/dolores.ee\/ru\/katalog\/"},{"@type":"ListItem","position":3,"name":"Anna Lotan Clear Capparis Gel Deep Pore Cleanser 15 ml"}]},{"@type":"WebSite","@id":"https:\/\/dolores.ee\/ru\/#website","url":"https:\/\/dolores.ee\/ru\/","name":"Dolores e-pood","description":"Beauty Shop","publisher":{"@id":"https:\/\/dolores.ee\/ru\/#organization"},"alternateName":"Dolores","potentialAction":[{"@type":"SearchAction","target":{"@type":"EntryPoint","urlTemplate":"https:\/\/dolores.ee\/ru\/?s={search_term_string}"},"query-input":{"@type":"PropertyValueSpecification","valueRequired":true,"valueName":"search_term_string"}}],"inLanguage":"ru-RU"},{"@type":"Organization","@id":"https:\/\/dolores.ee\/ru\/#organization","name":"Dolores O\u00dc","alternateName":"Dolores e-pood","url":"https:\/\/dolores.ee\/ru\/","logo":{"@type":"ImageObject","inLanguage":"ru-RU","@id":"https:\/\/dolores.ee\/ru\/#\/schema\/logo\/image\/","url":"https:\/\/dolores.ee\/wp-content\/uploads\/2025\/04\/logo-1.jpg","contentUrl":"https:\/\/dolores.ee\/wp-content\/uploads\/2025\/04\/logo-1.jpg","width":1951,"height":660,"caption":"Dolores O\u00dc"},"image":{"@id":"https:\/\/dolores.ee\/ru\/#\/schema\/logo\/image\/"},"sameAs":["https:\/\/www.facebook.com\/doloresepood\/"],"description":"Dolores.ee on kaasaegne veebipood, kust leiad tuntud kaubam\u00e4rkide \u2013 GIGI, Anna Lotan, Hikari, Hlavin \u2013 originaalkosmeetikat. Pakume kvaliteetseid hooldustooteid taskukohaste hindadega ja kiire kohaletoimetamisega \u00fcle Eesti. Nahahooldus pole kunagi olnud nii lihtne ja soodne!","email":"dolores@dolores.ee","telephone":"372 644 2440","legalName":"Dolores O\u00dc","foundingDate":"1998-02-09","vatID":"EE100050280","numberOfEmployees":{"@type":"QuantitativeValue","minValue":"11","maxValue":"50"}}]}},"_links":{"self":[{"href":"https:\/\/dolores.ee\/ru\/wp-json\/wp\/v2\/product\/996761","targetHints":{"allow":["GET"]}}],"collection":[{"href":"https:\/\/dolores.ee\/ru\/wp-json\/wp\/v2\/product"}],"about":[{"href":"https:\/\/dolores.ee\/ru\/wp-json\/wp\/v2\/types\/product"}],"replies":[{"embeddable":true,"href":"https:\/\/dolores.ee\/ru\/wp-json\/wp\/v2\/comments?post=996761"}],"version-history":[{"count":1,"href":"https:\/\/dolores.ee\/ru\/wp-json\/wp\/v2\/product\/996761\/revisions"}],"predecessor-version":[{"id":996762,"href":"https:\/\/dolores.ee\/ru\/wp-json\/wp\/v2\/product\/996761\/revisions\/996762"}],"wp:featuredmedia":[{"embeddable":true,"href":"https:\/\/dolores.ee\/ru\/wp-json\/wp\/v2\/media\/996757"}],"wp:attachment":[{"href":"https:\/\/dolores.ee\/ru\/wp-json\/wp\/v2\/media?parent=996761"}],"wp:term":[{"taxonomy":"product_brand","embeddable":true,"href":"https:\/\/dolores.ee\/ru\/wp-json\/wp\/v2\/product_brand?post=996761"},{"taxonomy":"product_cat","embeddable":true,"href":"https:\/\/dolores.ee\/ru\/wp-json\/wp\/v2\/product_cat?post=996761"},{"taxonomy":"product_tag","embeddable":true,"href":"https:\/\/dolores.ee\/ru\/wp-json\/wp\/v2\/product_tag?post=996761"},{"taxonomy":"giftcard-category","embeddable":true,"href":"https:\/\/dolores.ee\/ru\/wp-json\/wp\/v2\/giftcard-category?post=996761"}],"curies":[{"name":"wp","href":"https:\/\/api.w.org\/{rel}","templated":true}]}}